{"id":9793,"date":"2021-11-18T22:20:13","date_gmt":"2021-11-18T22:20:13","guid":{"rendered":"https:\/\/www.soltel.es\/?page_id=9793"},"modified":"2025-08-12T07:42:30","modified_gmt":"2025-08-12T07:42:30","slug":"scapi","status":"publish","type":"page","link":"https:\/\/www.soltel.es\/en\/scapi\/","title":{"rendered":"Scapi"},"content":{"rendered":"<section class=\"l-section wpb_row us_custom_52331fc0 fondo-metalico height_auto color_footer-bottom\"><div class=\"l-section-h i-cf\"><div class=\"g-cols vc_row via_grid cols_1 laptops-cols_inherit tablets-cols_inherit mobiles-cols_1 valign_middle type_default stacking_default\" style=\"--gap:0rem;\"><div class=\"wpb_column vc_column_container\"><div class=\"vc_column-inner\"><div class=\"w-separator size_small\"><\/div><div class=\"w-html\"><canvas id=\"glitterCanvas\"><\/canvas><\/div><div class=\"w-hwrapper valign_top align_center\"><h3 class=\"w-text us_custom_b964646e has_text_color us_animate_this\" id=\"servicios-grid\"><span class=\"w-text-h\"><span class=\"w-text-value\">Scapi<\/span><\/span><\/h3><\/div><\/div><\/div><\/div><\/div><\/section><section class=\"l-section wpb_row height_small\"><div class=\"l-section-h i-cf\"><div class=\"g-cols vc_row via_grid cols_1 laptops-cols_inherit tablets-cols_inherit mobiles-cols_1 valign_top type_default stacking_default\"><div class=\"wpb_column vc_column_container\"><div class=\"vc_column-inner\"><nav class=\"g-breadcrumbs separator_icon align_center\" itemscope itemtype=\"http:\/\/schema.org\/BreadcrumbList\"><div class=\"g-breadcrumbs-item\" itemscope itemprop=\"itemListElement\" itemtype=\"http:\/\/schema.org\/ListItem\"><a itemprop=\"item\" href=\"https:\/\/www.soltel.es\/en\/\"><span itemprop=\"name\">Home<\/span><\/a><meta itemprop=\"position\" content=\"1\"\/><\/div><div class=\"g-breadcrumbs-separator\"><i class=\"far fa-angle-right\"><\/i><\/div><div class=\"g-breadcrumbs-item\">Pages<\/div><\/nav><\/div><\/div><\/div><\/div><\/section><section class=\"l-section wpb_row height_medium\"><div class=\"l-section-h i-cf\"><div class=\"g-cols vc_row via_grid cols_2-3 laptops-cols_inherit tablets-cols_inherit mobiles-cols_1 valign_top type_default stacking_default\"><div class=\"wpb_column vc_column_container\"><div class=\"vc_column-inner\"><div class=\"w-image us_custom_f3fb4d7f align_center has_bg_color\"><div class=\"w-image-h\"><img decoding=\"async\" width=\"343\" height=\"217\" src=\"https:\/\/www.soltel.es\/wp-content\/uploads\/2025\/02\/Scapi_logo.png\" class=\"attachment-large size-large\" alt=\"\" loading=\"lazy\" srcset=\"https:\/\/www.soltel.es\/wp-content\/uploads\/2025\/02\/Scapi_logo.png 343w, https:\/\/www.soltel.es\/wp-content\/uploads\/2025\/02\/Scapi_logo-300x190.png 300w, https:\/\/www.soltel.es\/wp-content\/uploads\/2025\/02\/Scapi_logo-150x95.png 150w\" sizes=\"auto, (max-width: 343px) 100vw, 343px\" \/><\/div><\/div><\/div><\/div><div class=\"wpb_column vc_column_container\"><div class=\"vc_column-inner\"><div class=\"wpb_text_column us_custom_59aa275c\"><div class=\"wpb_wrapper\"><h3 class=\"text-center mb-3\">SCAPI<\/h3>\n<p data-start=\"140\" data-end=\"397\" class=\"translation-block\">The <strong>SCAPI project<\/strong> has developed an <strong>advanced sensor system<\/strong> capable of <strong>monitoring the evolution and quality of crops<\/strong> in a <strong>non-invasive, large-scale, continuous manner<\/strong>, and with <strong>precision at the individual plant level.<\/strong><\/p>\n<p data-start=\"399\" data-end=\"607\" class=\"translation-block\">Designed for <strong data-start=\"413\" data-end=\"429\">greenhouses<\/strong>, this system <strong data-start=\"444\" data-end=\"483\">optimizes return on investment<\/strong> by allowing <strong data-start=\"496\" data-end=\"556\">the optimal fruit ripening time to be determined<\/strong> and <strong data-start=\"559\" data-end=\"584\">production to be estimated<\/strong> with high reliability.<\/p>\n<p data-start=\"609\" data-end=\"818\" class=\"translation-block\">The solution combines <strong data-start=\"629\" data-end=\"654\">two key technologies<\/strong>: a <strong data-start=\"660\" data-end=\"685\">hyperspectral camera<\/strong> that captures detailed images of the fruit and a set of <strong data-start=\"745\" data-end=\"768\">climate sensors<\/strong> that measure <strong data-start=\"779\" data-end=\"815\">temperature, humidity and radiation<\/strong>.<\/p>\n<p data-start=\"820\" data-end=\"1003\" class=\"translation-block\">In addition, it incorporates a <strong data-start=\"842\" data-end=\"862\">mobile platform<\/strong> that moves along an <strong data-start=\"886\" data-end=\"902\">aerial track<\/strong>, which makes it possible to <strong data-start=\"922\" data-end=\"970\">collect data in different areas of the crop<\/strong> without interrupting its development.<\/p>\n<p data-start=\"1005\" data-end=\"1241\" class=\"translation-block\">Its <strong data-start=\"1008\" data-end=\"1062\">software with artificial intelligence algorithms<\/strong> processes the collected information and offers a <strong data-start=\"1110\" data-end=\"1144\">real-time visual interface<\/strong>, allowing users to check <strong data-start=\"1168\" data-end=\"1180\">online<\/strong> the current status of each plant and the entire crop.<\/p>\n<\/div><\/div><\/div><\/div><\/div><\/div><\/section><section class=\"l-section wpb_row height_small\"><div class=\"l-section-h i-cf\"><div class=\"g-cols vc_row via_grid cols_3 laptops-cols_inherit tablets-cols_inherit mobiles-cols_1 valign_top type_default stacking_default\"><div class=\"wpb_column vc_column_container\"><div class=\"vc_column-inner\"><div class=\"w-hwrapper valign_top align_none\"><\/div><\/div><\/div><div class=\"wpb_column vc_column_container\"><div class=\"vc_column-inner\"><div class=\"w-btn-wrapper align_center\"><a class=\"w-btn us-btn-style_6\" href=\"\/en\/portfolio\/agroalimentacion\/\"><span class=\"w-btn-label\">Go back<\/span><\/a><\/div><\/div><\/div><div class=\"wpb_column vc_column_container\"><div class=\"vc_column-inner\"><\/div><\/div><\/div><\/div><\/section>","protected":false},"excerpt":{"rendered":"","protected":false},"author":4,"featured_media":8085,"parent":0,"menu_order":0,"comment_status":"closed","ping_status":"closed","template":"","meta":{"_acf_changed":false,"footnotes":""},"class_list":["post-9793","page","type-page","status-publish","has-post-thumbnail","hentry"],"acf":[],"yoast_head":"<!-- This site is optimized with the Yoast SEO plugin v27.6 - https:\/\/yoast.com\/product\/yoast-seo-wordpress\/ -->\n<title>Scapi - Soltel Group<\/title>\n<meta name=\"description\" content=\"SCAPI: Dise\u00f1o y construcci\u00f3n de un sensor agron\u00f3mico complejo para agricultura de precisi\u00f3n en invernaderos\" \/>\n<meta name=\"robots\" content=\"index, follow, max-snippet:-1, max-image-preview:large, max-video-preview:-1\" \/>\n<link rel=\"canonical\" href=\"https:\/\/www.soltel.es\/en\/scapi\/\" \/>\n<meta property=\"og:locale\" content=\"en_GB\" \/>\n<meta property=\"og:type\" content=\"article\" \/>\n<meta property=\"og:title\" content=\"Scapi - Soltel Group\" \/>\n<meta property=\"og:description\" content=\"SCAPI: Dise\u00f1o y construcci\u00f3n de un sensor agron\u00f3mico complejo para agricultura de precisi\u00f3n en invernaderos\" \/>\n<meta property=\"og:url\" content=\"https:\/\/www.soltel.es\/en\/scapi\/\" \/>\n<meta property=\"og:site_name\" content=\"Soltel Group\" \/>\n<meta property=\"article:publisher\" content=\"https:\/\/www.facebook.com\/pages\/Soltel-IT-Solutions\/158795267511286\" \/>\n<meta property=\"article:modified_time\" content=\"2025-08-12T07:42:30+00:00\" \/>\n<meta property=\"og:image\" content=\"https:\/\/www.soltel.es\/wp-content\/uploads\/2025\/02\/Scapi_logo.png\" \/>\n\t<meta property=\"og:image:width\" content=\"343\" \/>\n\t<meta property=\"og:image:height\" content=\"217\" \/>\n\t<meta property=\"og:image:type\" content=\"image\/png\" \/>\n<meta name=\"twitter:card\" content=\"summary_large_image\" \/>\n<meta name=\"twitter:site\" content=\"@soltel_it\" \/>\n<meta name=\"twitter:label1\" content=\"Estimated reading time\" \/>\n\t<meta name=\"twitter:data1\" content=\"2 minutes\" \/>\n<script type=\"application\/ld+json\" class=\"yoast-schema-graph\">{\"@context\":\"https:\\\/\\\/schema.org\",\"@graph\":[{\"@type\":\"WebPage\",\"@id\":\"https:\\\/\\\/www.soltel.es\\\/scapi\\\/\",\"url\":\"https:\\\/\\\/www.soltel.es\\\/scapi\\\/\",\"name\":\"Scapi - Soltel Group\",\"isPartOf\":{\"@id\":\"https:\\\/\\\/www.soltel.es\\\/#website\"},\"primaryImageOfPage\":{\"@id\":\"https:\\\/\\\/www.soltel.es\\\/scapi\\\/#primaryimage\"},\"image\":{\"@id\":\"https:\\\/\\\/www.soltel.es\\\/scapi\\\/#primaryimage\"},\"thumbnailUrl\":\"https:\\\/\\\/www.soltel.es\\\/wp-content\\\/uploads\\\/2025\\\/02\\\/Scapi_logo.png\",\"datePublished\":\"2021-11-18T22:20:13+00:00\",\"dateModified\":\"2025-08-12T07:42:30+00:00\",\"description\":\"SCAPI: Dise\u00f1o y construcci\u00f3n de un sensor agron\u00f3mico complejo para agricultura de precisi\u00f3n en invernaderos\",\"breadcrumb\":{\"@id\":\"https:\\\/\\\/www.soltel.es\\\/scapi\\\/#breadcrumb\"},\"inLanguage\":\"en-GB\",\"potentialAction\":[{\"@type\":\"ReadAction\",\"target\":[\"https:\\\/\\\/www.soltel.es\\\/scapi\\\/\"]}]},{\"@type\":\"ImageObject\",\"inLanguage\":\"en-GB\",\"@id\":\"https:\\\/\\\/www.soltel.es\\\/scapi\\\/#primaryimage\",\"url\":\"https:\\\/\\\/www.soltel.es\\\/wp-content\\\/uploads\\\/2025\\\/02\\\/Scapi_logo.png\",\"contentUrl\":\"https:\\\/\\\/www.soltel.es\\\/wp-content\\\/uploads\\\/2025\\\/02\\\/Scapi_logo.png\",\"width\":343,\"height\":217},{\"@type\":\"BreadcrumbList\",\"@id\":\"https:\\\/\\\/www.soltel.es\\\/scapi\\\/#breadcrumb\",\"itemListElement\":[{\"@type\":\"ListItem\",\"position\":1,\"name\":\"Portada\",\"item\":\"https:\\\/\\\/www.soltel.es\\\/\"},{\"@type\":\"ListItem\",\"position\":2,\"name\":\"Scapi\"}]},{\"@type\":\"WebSite\",\"@id\":\"https:\\\/\\\/www.soltel.es\\\/#website\",\"url\":\"https:\\\/\\\/www.soltel.es\\\/\",\"name\":\"Soltel Group\",\"description\":\"Soltel IT Solutions, empresa especializada en servicios IT\",\"publisher\":{\"@id\":\"https:\\\/\\\/www.soltel.es\\\/#organization\"},\"potentialAction\":[{\"@type\":\"SearchAction\",\"target\":{\"@type\":\"EntryPoint\",\"urlTemplate\":\"https:\\\/\\\/www.soltel.es\\\/?s={search_term_string}\"},\"query-input\":{\"@type\":\"PropertyValueSpecification\",\"valueRequired\":true,\"valueName\":\"search_term_string\"}}],\"inLanguage\":\"en-GB\"},{\"@type\":\"Organization\",\"@id\":\"https:\\\/\\\/www.soltel.es\\\/#organization\",\"name\":\"Soltel Group\",\"url\":\"https:\\\/\\\/www.soltel.es\\\/\",\"logo\":{\"@type\":\"ImageObject\",\"inLanguage\":\"en-GB\",\"@id\":\"https:\\\/\\\/www.soltel.es\\\/#\\\/schema\\\/logo\\\/image\\\/\",\"url\":\"https:\\\/\\\/www.soltel.es\\\/wp-content\\\/uploads\\\/2023\\\/03\\\/logotipo-soltel.png\",\"contentUrl\":\"https:\\\/\\\/www.soltel.es\\\/wp-content\\\/uploads\\\/2023\\\/03\\\/logotipo-soltel.png\",\"width\":276,\"height\":212,\"caption\":\"Soltel Group\"},\"image\":{\"@id\":\"https:\\\/\\\/www.soltel.es\\\/#\\\/schema\\\/logo\\\/image\\\/\"},\"sameAs\":[\"https:\\\/\\\/www.facebook.com\\\/pages\\\/Soltel-IT-Solutions\\\/158795267511286\",\"https:\\\/\\\/x.com\\\/soltel_it\",\"https:\\\/\\\/www.youtube.com\\\/@soltel\",\"https:\\\/\\\/www.linkedin.com\\\/company\\\/soltel\",\"https:\\\/\\\/www.instagram.com\\\/soltelgroup\\\/\"]}]}<\/script>\n<!-- \/ Yoast SEO plugin. -->","yoast_head_json":{"title":"Scapi - Soltel Group","description":"SCAPI: Design and construction of a complex agronomic sensor for precision agriculture in greenhouses","robots":{"index":"index","follow":"follow","max-snippet":"max-snippet:-1","max-image-preview":"max-image-preview:large","max-video-preview":"max-video-preview:-1"},"canonical":"https:\/\/www.soltel.es\/en\/scapi\/","og_locale":"en_GB","og_type":"article","og_title":"Scapi - Soltel Group","og_description":"SCAPI: Dise\u00f1o y construcci\u00f3n de un sensor agron\u00f3mico complejo para agricultura de precisi\u00f3n en invernaderos","og_url":"https:\/\/www.soltel.es\/en\/scapi\/","og_site_name":"Soltel Group","article_publisher":"https:\/\/www.facebook.com\/pages\/Soltel-IT-Solutions\/158795267511286","article_modified_time":"2025-08-12T07:42:30+00:00","og_image":[{"width":343,"height":217,"url":"https:\/\/www.soltel.es\/wp-content\/uploads\/2025\/02\/Scapi_logo.png","type":"image\/png"}],"twitter_card":"summary_large_image","twitter_site":"@soltel_it","twitter_misc":{"Estimated reading time":"2 minutes"},"schema":{"@context":"https:\/\/schema.org","@graph":[{"@type":"WebPage","@id":"https:\/\/www.soltel.es\/scapi\/","url":"https:\/\/www.soltel.es\/scapi\/","name":"Scapi - Soltel Group","isPartOf":{"@id":"https:\/\/www.soltel.es\/#website"},"primaryImageOfPage":{"@id":"https:\/\/www.soltel.es\/scapi\/#primaryimage"},"image":{"@id":"https:\/\/www.soltel.es\/scapi\/#primaryimage"},"thumbnailUrl":"https:\/\/www.soltel.es\/wp-content\/uploads\/2025\/02\/Scapi_logo.png","datePublished":"2021-11-18T22:20:13+00:00","dateModified":"2025-08-12T07:42:30+00:00","description":"SCAPI: Design and construction of a complex agronomic sensor for precision agriculture in greenhouses","breadcrumb":{"@id":"https:\/\/www.soltel.es\/scapi\/#breadcrumb"},"inLanguage":"en-GB","potentialAction":[{"@type":"ReadAction","target":["https:\/\/www.soltel.es\/scapi\/"]}]},{"@type":"ImageObject","inLanguage":"en-GB","@id":"https:\/\/www.soltel.es\/scapi\/#primaryimage","url":"https:\/\/www.soltel.es\/wp-content\/uploads\/2025\/02\/Scapi_logo.png","contentUrl":"https:\/\/www.soltel.es\/wp-content\/uploads\/2025\/02\/Scapi_logo.png","width":343,"height":217},{"@type":"BreadcrumbList","@id":"https:\/\/www.soltel.es\/scapi\/#breadcrumb","itemListElement":[{"@type":"ListItem","position":1,"name":"Portada","item":"https:\/\/www.soltel.es\/"},{"@type":"ListItem","position":2,"name":"Scapi"}]},{"@type":"WebSite","@id":"https:\/\/www.soltel.es\/#website","url":"https:\/\/www.soltel.es\/","name":"Soltel Group","description":"Soltel IT Solutions, a company specializing in IT services","publisher":{"@id":"https:\/\/www.soltel.es\/#organization"},"potentialAction":[{"@type":"SearchAction","target":{"@type":"EntryPoint","urlTemplate":"https:\/\/www.soltel.es\/?s={search_term_string}"},"query-input":{"@type":"PropertyValueSpecification","valueRequired":true,"valueName":"search_term_string"}}],"inLanguage":"en-GB"},{"@type":"Organization","@id":"https:\/\/www.soltel.es\/#organization","name":"Soltel Group","url":"https:\/\/www.soltel.es\/","logo":{"@type":"ImageObject","inLanguage":"en-GB","@id":"https:\/\/www.soltel.es\/#\/schema\/logo\/image\/","url":"https:\/\/www.soltel.es\/wp-content\/uploads\/2023\/03\/logotipo-soltel.png","contentUrl":"https:\/\/www.soltel.es\/wp-content\/uploads\/2023\/03\/logotipo-soltel.png","width":276,"height":212,"caption":"Soltel Group"},"image":{"@id":"https:\/\/www.soltel.es\/#\/schema\/logo\/image\/"},"sameAs":["https:\/\/www.facebook.com\/pages\/Soltel-IT-Solutions\/158795267511286","https:\/\/x.com\/soltel_it","https:\/\/www.youtube.com\/@soltel","https:\/\/www.linkedin.com\/company\/soltel","https:\/\/www.instagram.com\/soltelgroup\/"]}]}},"_links":{"self":[{"href":"https:\/\/www.soltel.es\/en\/wp-json\/wp\/v2\/pages\/9793","targetHints":{"allow":["GET"]}}],"collection":[{"href":"https:\/\/www.soltel.es\/en\/wp-json\/wp\/v2\/pages"}],"about":[{"href":"https:\/\/www.soltel.es\/en\/wp-json\/wp\/v2\/types\/page"}],"author":[{"embeddable":true,"href":"https:\/\/www.soltel.es\/en\/wp-json\/wp\/v2\/users\/4"}],"replies":[{"embeddable":true,"href":"https:\/\/www.soltel.es\/en\/wp-json\/wp\/v2\/comments?post=9793"}],"version-history":[{"count":2,"href":"https:\/\/www.soltel.es\/en\/wp-json\/wp\/v2\/pages\/9793\/revisions"}],"predecessor-version":[{"id":9795,"href":"https:\/\/www.soltel.es\/en\/wp-json\/wp\/v2\/pages\/9793\/revisions\/9795"}],"wp:featuredmedia":[{"embeddable":true,"href":"https:\/\/www.soltel.es\/en\/wp-json\/wp\/v2\/media\/8085"}],"wp:attachment":[{"href":"https:\/\/www.soltel.es\/en\/wp-json\/wp\/v2\/media?parent=9793"}],"curies":[{"name":"wp","href":"https:\/\/api.w.org\/{rel}","templated":true}]}}