{"id":9781,"date":"2021-11-18T22:20:13","date_gmt":"2021-11-18T22:20:13","guid":{"rendered":"https:\/\/www.soltel.es\/?page_id=9781"},"modified":"2025-08-12T07:15:03","modified_gmt":"2025-08-12T07:15:03","slug":"appqalit","status":"publish","type":"page","link":"https:\/\/www.soltel.es\/en\/appqalit\/","title":{"rendered":"APPQALIT"},"content":{"rendered":"<section class=\"l-section wpb_row us_custom_52331fc0 fondo-metalico height_auto color_footer-bottom\"><div class=\"l-section-h i-cf\"><div class=\"g-cols vc_row via_grid cols_1 laptops-cols_inherit tablets-cols_inherit mobiles-cols_1 valign_middle type_default stacking_default\" style=\"--gap:0rem;\"><div class=\"wpb_column vc_column_container\"><div class=\"vc_column-inner\"><div class=\"w-separator size_small\"><\/div><div class=\"w-html\"><canvas id=\"glitterCanvas\"><\/canvas><\/div><div class=\"w-hwrapper valign_top align_center\"><h3 class=\"w-text us_custom_b964646e has_text_color us_animate_this\" id=\"servicios-grid\"><span class=\"w-text-h\"><span class=\"w-text-value\">APPQALIT<\/span><\/span><\/h3><\/div><\/div><\/div><\/div><\/div><\/section><section class=\"l-section wpb_row height_small\"><div class=\"l-section-h i-cf\"><div class=\"g-cols vc_row via_grid cols_1 laptops-cols_inherit tablets-cols_inherit mobiles-cols_1 valign_top type_default stacking_default\"><div class=\"wpb_column vc_column_container\"><div class=\"vc_column-inner\"><nav class=\"g-breadcrumbs separator_icon align_center\" itemscope itemtype=\"http:\/\/schema.org\/BreadcrumbList\"><div class=\"g-breadcrumbs-item\" itemscope itemprop=\"itemListElement\" itemtype=\"http:\/\/schema.org\/ListItem\"><a itemprop=\"item\" href=\"https:\/\/www.soltel.es\/en\/\"><span itemprop=\"name\">Home<\/span><\/a><meta itemprop=\"position\" content=\"1\"\/><\/div><div class=\"g-breadcrumbs-separator\"><i class=\"far fa-angle-right\"><\/i><\/div><div class=\"g-breadcrumbs-item\">Pages<\/div><\/nav><\/div><\/div><\/div><\/div><\/section><section class=\"l-section wpb_row height_medium\"><div class=\"l-section-h i-cf\"><div class=\"g-cols vc_row via_grid cols_2-3 laptops-cols_inherit tablets-cols_inherit mobiles-cols_1 valign_top type_default stacking_default\"><div class=\"wpb_column vc_column_container\"><div class=\"vc_column-inner\"><div class=\"w-image us_custom_f3fb4d7f align_center has_bg_color\"><div class=\"w-image-h\"><img decoding=\"async\" width=\"600\" height=\"309\" src=\"https:\/\/www.soltel.es\/wp-content\/uploads\/2021\/11\/appqalit-logo.png\" class=\"attachment-large size-large\" alt=\"\" loading=\"lazy\" srcset=\"https:\/\/www.soltel.es\/wp-content\/uploads\/2021\/11\/appqalit-logo.png 600w, https:\/\/www.soltel.es\/wp-content\/uploads\/2021\/11\/appqalit-logo-300x155.png 300w\" sizes=\"auto, (max-width: 600px) 100vw, 600px\" \/><\/div><\/div><\/div><\/div><div class=\"wpb_column vc_column_container\"><div class=\"vc_column-inner\"><div class=\"wpb_text_column us_custom_59aa275c\"><div class=\"wpb_wrapper\"><h3 class=\"text-center mb-3\">APPQALIT<\/h3>\n<p class=\"translation-block\">The project has carried out the design and construction of a pilot system, based on new digital technologies, for the <strong>determination of agronomic parameters of the processing tomato<\/strong> using an easy-to-use image capture app for mobile devices with integration into existing resource planning systems (ERPs).<\/p>\n<p class=\"translation-block\">The APPQALIT system developed <strong>allows the calculation of the state of ripeness and estimated production based on the analysis of images<\/strong> performed on photographs taken by the user from a mobile application and <strong>incorporates intelligent algorithms based on AI\/Deep Learning<\/strong> that allow the automatic interpretation of them.<\/p>\n<p class=\"translation-block\">The system therefore allows for the <strong>improvement of the profitability of the farm<\/strong> by optimizing the processing of information, as well as increasing the farmer's technological knowledge, promoting their adaptation to the technological era, turning them into a farmer 4.0.<\/p>\n<\/div><\/div><\/div><\/div><\/div><\/div><\/section><section class=\"l-section wpb_row height_small\"><div class=\"l-section-h i-cf\"><div class=\"g-cols vc_row via_grid cols_3 laptops-cols_inherit tablets-cols_inherit mobiles-cols_1 valign_top type_default stacking_default\"><div class=\"wpb_column vc_column_container\"><div class=\"vc_column-inner\"><div class=\"w-hwrapper valign_top align_none\"><\/div><\/div><\/div><div class=\"wpb_column vc_column_container\"><div class=\"vc_column-inner\"><div class=\"w-btn-wrapper align_center\"><a class=\"w-btn us-btn-style_6\" href=\"\/en\/portfolio\/agroalimentacion\/\"><span class=\"w-btn-label\">Go back<\/span><\/a><\/div><\/div><\/div><div class=\"wpb_column vc_column_container\"><div class=\"vc_column-inner\"><\/div><\/div><\/div><\/div><\/section>","protected":false},"excerpt":{"rendered":"","protected":false},"author":4,"featured_media":4410,"parent":0,"menu_order":0,"comment_status":"closed","ping_status":"closed","template":"","meta":{"_acf_changed":false,"footnotes":""},"class_list":["post-9781","page","type-page","status-publish","has-post-thumbnail","hentry"],"acf":[],"yoast_head":"<!-- This site is optimized with the Yoast SEO plugin v27.6 - https:\/\/yoast.com\/product\/yoast-seo-wordpress\/ -->\n<title>APPQALIT - Soltel Group<\/title>\n<meta name=\"description\" content=\"APPQALIT: Sistema Piloto para determinaci\u00f3n de Par\u00e1metros Agron\u00f3micos en Tomate de industria\" \/>\n<meta name=\"robots\" content=\"index, follow, max-snippet:-1, max-image-preview:large, max-video-preview:-1\" \/>\n<link rel=\"canonical\" href=\"https:\/\/www.soltel.es\/en\/appqalit\/\" \/>\n<meta property=\"og:locale\" content=\"en_GB\" \/>\n<meta property=\"og:type\" content=\"article\" \/>\n<meta property=\"og:title\" content=\"APPQALIT - Soltel Group\" \/>\n<meta property=\"og:description\" content=\"APPQALIT: Sistema Piloto para determinaci\u00f3n de Par\u00e1metros Agron\u00f3micos en Tomate de industria\" \/>\n<meta property=\"og:url\" content=\"https:\/\/www.soltel.es\/en\/appqalit\/\" \/>\n<meta property=\"og:site_name\" content=\"Soltel Group\" \/>\n<meta property=\"article:publisher\" content=\"https:\/\/www.facebook.com\/pages\/Soltel-IT-Solutions\/158795267511286\" \/>\n<meta property=\"article:modified_time\" content=\"2025-08-12T07:15:03+00:00\" \/>\n<meta property=\"og:image\" content=\"https:\/\/www.soltel.es\/wp-content\/uploads\/2021\/11\/appqalit-logo.png\" \/>\n\t<meta property=\"og:image:width\" content=\"600\" \/>\n\t<meta property=\"og:image:height\" content=\"309\" \/>\n\t<meta property=\"og:image:type\" content=\"image\/png\" \/>\n<meta name=\"twitter:card\" content=\"summary_large_image\" \/>\n<meta name=\"twitter:site\" content=\"@soltel_it\" \/>\n<meta name=\"twitter:label1\" content=\"Estimated reading time\" \/>\n\t<meta name=\"twitter:data1\" content=\"2 minutes\" \/>\n<script type=\"application\/ld+json\" class=\"yoast-schema-graph\">{\"@context\":\"https:\\\/\\\/schema.org\",\"@graph\":[{\"@type\":\"WebPage\",\"@id\":\"https:\\\/\\\/www.soltel.es\\\/appqalit\\\/\",\"url\":\"https:\\\/\\\/www.soltel.es\\\/appqalit\\\/\",\"name\":\"APPQALIT - Soltel Group\",\"isPartOf\":{\"@id\":\"https:\\\/\\\/www.soltel.es\\\/#website\"},\"primaryImageOfPage\":{\"@id\":\"https:\\\/\\\/www.soltel.es\\\/appqalit\\\/#primaryimage\"},\"image\":{\"@id\":\"https:\\\/\\\/www.soltel.es\\\/appqalit\\\/#primaryimage\"},\"thumbnailUrl\":\"https:\\\/\\\/www.soltel.es\\\/wp-content\\\/uploads\\\/2021\\\/11\\\/appqalit-logo.png\",\"datePublished\":\"2021-11-18T22:20:13+00:00\",\"dateModified\":\"2025-08-12T07:15:03+00:00\",\"description\":\"APPQALIT: Sistema Piloto para determinaci\u00f3n de Par\u00e1metros Agron\u00f3micos en Tomate de industria\",\"breadcrumb\":{\"@id\":\"https:\\\/\\\/www.soltel.es\\\/appqalit\\\/#breadcrumb\"},\"inLanguage\":\"en-GB\",\"potentialAction\":[{\"@type\":\"ReadAction\",\"target\":[\"https:\\\/\\\/www.soltel.es\\\/appqalit\\\/\"]}]},{\"@type\":\"ImageObject\",\"inLanguage\":\"en-GB\",\"@id\":\"https:\\\/\\\/www.soltel.es\\\/appqalit\\\/#primaryimage\",\"url\":\"https:\\\/\\\/www.soltel.es\\\/wp-content\\\/uploads\\\/2021\\\/11\\\/appqalit-logo.png\",\"contentUrl\":\"https:\\\/\\\/www.soltel.es\\\/wp-content\\\/uploads\\\/2021\\\/11\\\/appqalit-logo.png\",\"width\":600,\"height\":309},{\"@type\":\"BreadcrumbList\",\"@id\":\"https:\\\/\\\/www.soltel.es\\\/appqalit\\\/#breadcrumb\",\"itemListElement\":[{\"@type\":\"ListItem\",\"position\":1,\"name\":\"Portada\",\"item\":\"https:\\\/\\\/www.soltel.es\\\/\"},{\"@type\":\"ListItem\",\"position\":2,\"name\":\"APPQALIT\"}]},{\"@type\":\"WebSite\",\"@id\":\"https:\\\/\\\/www.soltel.es\\\/#website\",\"url\":\"https:\\\/\\\/www.soltel.es\\\/\",\"name\":\"Soltel Group\",\"description\":\"Soltel IT Solutions, empresa especializada en servicios IT\",\"publisher\":{\"@id\":\"https:\\\/\\\/www.soltel.es\\\/#organization\"},\"potentialAction\":[{\"@type\":\"SearchAction\",\"target\":{\"@type\":\"EntryPoint\",\"urlTemplate\":\"https:\\\/\\\/www.soltel.es\\\/?s={search_term_string}\"},\"query-input\":{\"@type\":\"PropertyValueSpecification\",\"valueRequired\":true,\"valueName\":\"search_term_string\"}}],\"inLanguage\":\"en-GB\"},{\"@type\":\"Organization\",\"@id\":\"https:\\\/\\\/www.soltel.es\\\/#organization\",\"name\":\"Soltel Group\",\"url\":\"https:\\\/\\\/www.soltel.es\\\/\",\"logo\":{\"@type\":\"ImageObject\",\"inLanguage\":\"en-GB\",\"@id\":\"https:\\\/\\\/www.soltel.es\\\/#\\\/schema\\\/logo\\\/image\\\/\",\"url\":\"https:\\\/\\\/www.soltel.es\\\/wp-content\\\/uploads\\\/2023\\\/03\\\/logotipo-soltel.png\",\"contentUrl\":\"https:\\\/\\\/www.soltel.es\\\/wp-content\\\/uploads\\\/2023\\\/03\\\/logotipo-soltel.png\",\"width\":276,\"height\":212,\"caption\":\"Soltel Group\"},\"image\":{\"@id\":\"https:\\\/\\\/www.soltel.es\\\/#\\\/schema\\\/logo\\\/image\\\/\"},\"sameAs\":[\"https:\\\/\\\/www.facebook.com\\\/pages\\\/Soltel-IT-Solutions\\\/158795267511286\",\"https:\\\/\\\/x.com\\\/soltel_it\",\"https:\\\/\\\/www.youtube.com\\\/@soltel\",\"https:\\\/\\\/www.linkedin.com\\\/company\\\/soltel\",\"https:\\\/\\\/www.instagram.com\\\/soltelgroup\\\/\"]}]}<\/script>\n<!-- \/ Yoast SEO plugin. -->","yoast_head_json":{"title":"APPQALIT - Soltel Group","description":"APPQALIT: Pilot System for the Determination of Agronomic Parameters in Processing Tomatoes","robots":{"index":"index","follow":"follow","max-snippet":"max-snippet:-1","max-image-preview":"max-image-preview:large","max-video-preview":"max-video-preview:-1"},"canonical":"https:\/\/www.soltel.es\/en\/appqalit\/","og_locale":"en_GB","og_type":"article","og_title":"APPQALIT - Soltel Group","og_description":"APPQALIT: Sistema Piloto para determinaci\u00f3n de Par\u00e1metros Agron\u00f3micos en Tomate de industria","og_url":"https:\/\/www.soltel.es\/en\/appqalit\/","og_site_name":"Soltel Group","article_publisher":"https:\/\/www.facebook.com\/pages\/Soltel-IT-Solutions\/158795267511286","article_modified_time":"2025-08-12T07:15:03+00:00","og_image":[{"width":600,"height":309,"url":"https:\/\/www.soltel.es\/wp-content\/uploads\/2021\/11\/appqalit-logo.png","type":"image\/png"}],"twitter_card":"summary_large_image","twitter_site":"@soltel_it","twitter_misc":{"Estimated reading time":"2 minutes"},"schema":{"@context":"https:\/\/schema.org","@graph":[{"@type":"WebPage","@id":"https:\/\/www.soltel.es\/appqalit\/","url":"https:\/\/www.soltel.es\/appqalit\/","name":"APPQALIT - Soltel Group","isPartOf":{"@id":"https:\/\/www.soltel.es\/#website"},"primaryImageOfPage":{"@id":"https:\/\/www.soltel.es\/appqalit\/#primaryimage"},"image":{"@id":"https:\/\/www.soltel.es\/appqalit\/#primaryimage"},"thumbnailUrl":"https:\/\/www.soltel.es\/wp-content\/uploads\/2021\/11\/appqalit-logo.png","datePublished":"2021-11-18T22:20:13+00:00","dateModified":"2025-08-12T07:15:03+00:00","description":"APPQALIT: Pilot System for the Determination of Agronomic Parameters in Processing Tomatoes","breadcrumb":{"@id":"https:\/\/www.soltel.es\/appqalit\/#breadcrumb"},"inLanguage":"en-GB","potentialAction":[{"@type":"ReadAction","target":["https:\/\/www.soltel.es\/appqalit\/"]}]},{"@type":"ImageObject","inLanguage":"en-GB","@id":"https:\/\/www.soltel.es\/appqalit\/#primaryimage","url":"https:\/\/www.soltel.es\/wp-content\/uploads\/2021\/11\/appqalit-logo.png","contentUrl":"https:\/\/www.soltel.es\/wp-content\/uploads\/2021\/11\/appqalit-logo.png","width":600,"height":309},{"@type":"BreadcrumbList","@id":"https:\/\/www.soltel.es\/appqalit\/#breadcrumb","itemListElement":[{"@type":"ListItem","position":1,"name":"Portada","item":"https:\/\/www.soltel.es\/"},{"@type":"ListItem","position":2,"name":"APPQALIT"}]},{"@type":"WebSite","@id":"https:\/\/www.soltel.es\/#website","url":"https:\/\/www.soltel.es\/","name":"Soltel Group","description":"Soltel IT Solutions, a company specializing in IT services","publisher":{"@id":"https:\/\/www.soltel.es\/#organization"},"potentialAction":[{"@type":"SearchAction","target":{"@type":"EntryPoint","urlTemplate":"https:\/\/www.soltel.es\/?s={search_term_string}"},"query-input":{"@type":"PropertyValueSpecification","valueRequired":true,"valueName":"search_term_string"}}],"inLanguage":"en-GB"},{"@type":"Organization","@id":"https:\/\/www.soltel.es\/#organization","name":"Soltel Group","url":"https:\/\/www.soltel.es\/","logo":{"@type":"ImageObject","inLanguage":"en-GB","@id":"https:\/\/www.soltel.es\/#\/schema\/logo\/image\/","url":"https:\/\/www.soltel.es\/wp-content\/uploads\/2023\/03\/logotipo-soltel.png","contentUrl":"https:\/\/www.soltel.es\/wp-content\/uploads\/2023\/03\/logotipo-soltel.png","width":276,"height":212,"caption":"Soltel Group"},"image":{"@id":"https:\/\/www.soltel.es\/#\/schema\/logo\/image\/"},"sameAs":["https:\/\/www.facebook.com\/pages\/Soltel-IT-Solutions\/158795267511286","https:\/\/x.com\/soltel_it","https:\/\/www.youtube.com\/@soltel","https:\/\/www.linkedin.com\/company\/soltel","https:\/\/www.instagram.com\/soltelgroup\/"]}]}},"_links":{"self":[{"href":"https:\/\/www.soltel.es\/en\/wp-json\/wp\/v2\/pages\/9781","targetHints":{"allow":["GET"]}}],"collection":[{"href":"https:\/\/www.soltel.es\/en\/wp-json\/wp\/v2\/pages"}],"about":[{"href":"https:\/\/www.soltel.es\/en\/wp-json\/wp\/v2\/types\/page"}],"author":[{"embeddable":true,"href":"https:\/\/www.soltel.es\/en\/wp-json\/wp\/v2\/users\/4"}],"replies":[{"embeddable":true,"href":"https:\/\/www.soltel.es\/en\/wp-json\/wp\/v2\/comments?post=9781"}],"version-history":[{"count":5,"href":"https:\/\/www.soltel.es\/en\/wp-json\/wp\/v2\/pages\/9781\/revisions"}],"predecessor-version":[{"id":9786,"href":"https:\/\/www.soltel.es\/en\/wp-json\/wp\/v2\/pages\/9781\/revisions\/9786"}],"wp:featuredmedia":[{"embeddable":true,"href":"https:\/\/www.soltel.es\/en\/wp-json\/wp\/v2\/media\/4410"}],"wp:attachment":[{"href":"https:\/\/www.soltel.es\/en\/wp-json\/wp\/v2\/media?parent=9781"}],"curies":[{"name":"wp","href":"https:\/\/api.w.org\/{rel}","templated":true}]}}