{"id":5192,"date":"2023-04-19T16:24:15","date_gmt":"2023-04-19T16:24:15","guid":{"rendered":"https:\/\/www.soltel.es\/newsletter\/"},"modified":"2025-08-13T10:30:02","modified_gmt":"2025-08-13T10:30:02","slug":"newsletter","status":"publish","type":"page","link":"https:\/\/www.soltel.es\/en\/newsletter\/","title":{"rendered":"Newsletter"},"content":{"rendered":"<section class=\"l-section wpb_row us_custom_52331fc0 fondo-metalico height_auto color_footer-bottom\"><div class=\"l-section-h i-cf\"><div class=\"g-cols vc_row via_grid cols_1 laptops-cols_inherit tablets-cols_inherit mobiles-cols_1 valign_middle type_default stacking_default\" style=\"--gap:0rem;\"><div class=\"wpb_column vc_column_container\"><div class=\"vc_column-inner\"><div class=\"w-separator size_small\"><\/div><div class=\"w-html\"><canvas id=\"glitterCanvas\"><\/canvas><\/div><h3 class=\"w-text us_custom_5c93b3b1 has_text_color us_animate_this\"><span class=\"w-text-h\"><span class=\"w-text-value\">Newsletter<\/span><\/span><\/h3><\/div><\/div><\/div><\/div><\/section><section class=\"l-section wpb_row height_small\"><div class=\"l-section-h i-cf\"><div class=\"g-cols vc_row via_grid cols_1 laptops-cols_inherit tablets-cols_inherit mobiles-cols_1 valign_top type_default stacking_default\"><div class=\"wpb_column vc_column_container\"><div class=\"vc_column-inner\"><nav class=\"g-breadcrumbs separator_icon align_center\" itemscope itemtype=\"http:\/\/schema.org\/BreadcrumbList\"><div class=\"g-breadcrumbs-item\" itemscope itemprop=\"itemListElement\" itemtype=\"http:\/\/schema.org\/ListItem\"><a itemprop=\"item\" href=\"https:\/\/www.soltel.es\/en\/\"><span itemprop=\"name\">Home<\/span><\/a><meta itemprop=\"position\" content=\"1\"\/><\/div><div class=\"g-breadcrumbs-separator\"><i class=\"far fa-angle-right\"><\/i><\/div><div class=\"g-breadcrumbs-item\">Pages<\/div><\/nav><\/div><\/div><\/div><\/div><\/section><section class=\"l-section wpb_row height_large\"><div class=\"l-section-h i-cf\"><div class=\"g-cols vc_row via_grid cols_1 laptops-cols_inherit tablets-cols_inherit mobiles-cols_1 valign_top type_default stacking_default\"><div class=\"wpb_column vc_column_container\"><div class=\"vc_column-inner\"><div class=\"wpb_text_column\"><div class=\"wpb_wrapper\"><div class=\"tnp tnp-subscription \">\n<form method=\"post\" action=\"https:\/\/www.soltel.es\/wp-admin\/admin-ajax.php?action=tnp&amp;na=s\">\n<input type=\"hidden\" name=\"nlang\" value=\"en\">\n<div class=\"tnp-field tnp-field-firstname\"><label for=\"tnp-1\">Nombre o nombre completo<\/label>\n<input class=\"tnp-name\" type=\"text\" name=\"nn\" id=\"tnp-1\" value=\"\" placeholder=\"\"><\/div>\n<div class=\"tnp-field tnp-field-email\"><label for=\"tnp-2\">Email<\/label>\n<input class=\"tnp-email\" type=\"email\" name=\"ne\" id=\"tnp-2\" value=\"\" placeholder=\"\" required><\/div>\n<div class=\"tnp-field tnp-privacy-field\"><label><input type=\"checkbox\" name=\"ny\" required class=\"tnp-privacy\"> <a target=\"_blank\" href=\"https:\/\/www.soltel.es\/en\/politica-de-datos\/\">Si contin\u00faas, aceptas la pol\u00edtica de privacidad<\/a><\/label><\/div><div class=\"tnp-field tnp-field-button\" style=\"text-align: left\"><input class=\"tnp-submit\" type=\"submit\" value=\"Suscribirse\" style=\"\">\n<\/div>\n<\/form>\n<\/div>\n\n<\/div><\/div><\/div><\/div><\/div><\/div><\/section><section class=\"l-section wpb_row us_custom_16886ea4 fondo-metalico height_auto width_full\"><div class=\"l-section-overlay\" style=\"background:var(--color-header-middle-text)\"><\/div><div class=\"l-section-h i-cf\"><div class=\"g-cols vc_row via_grid cols_1 laptops-cols_inherit tablets-cols_inherit mobiles-cols_1 valign_top type_default stacking_default\"><div class=\"wpb_column vc_column_container us_custom_81dbcac1\"><div class=\"vc_column-inner\"><div class=\"w-separator size_custom\" style=\"height:2rem\"><\/div><div class=\"w-text us_custom_5a97e3f5 has_text_color us_animate_this\"><a href=\"\/noticias\" class=\"w-text-h\"><span class=\"w-text-value\">Noticias<\/span><\/a><\/div><div class=\"g-cols wpb_row via_grid cols_1 laptops-cols_inherit tablets-cols_inherit mobiles-cols_1 valign_top type_boxes stacking_default\" style=\"--gap:1rem;\"><div class=\"wpb_column vc_column_container\"><div class=\"vc_column-inner\"><div class=\"w-grid us_post_list type_grid layout_6732 cols_4 with_css_animation\" id=\"us_post_list_l233\" style=\"--gap:0.6rem;\" data-filterable=\"true\"><style>@media (max-width:1280px){#us_post_list_l233 .w-grid-item{width:50%}}@media (max-width:768px){#us_post_list_l233 .w-grid-list{margin:0}#us_post_list_l233 .w-grid-item{width:100%;padding:0;margin-bottom:var(--gap,0px)}}.layout_6732 .w-grid-item-h{}.layout_6732 .usg_vwrapper_1{transition-duration:0.3s;transform-origin:50% 50%;transform:scale(1) translate(0%,0%)}.layout_6732 .w-grid-item-h:hover .usg_vwrapper_1{transform:scale(1) translate(0%,0%);opacity:1}.layout_6732 .usg_post_title_1{transition-duration:0.3s;transform-origin:50% 50%;transform:scale(1) translate(0%,0%)}.layout_6732 .w-grid-item-h:hover .usg_post_title_1{transform:scale(1) translate(0%,0%);opacity:1;color:var(--color-header-middle-text-hover)!important}.layout_6732 .usg_btn_2{transition-duration:0.3s;transform-origin:50% 50%;transform:scale(1) translate(0%,0%)}.layout_6732 .w-grid-item-h:hover .usg_btn_2{transform:scale(1) translate(0%,0%);opacity:1;background:var(--color-header-middle-text-hover)!important}.layout_6732 .usg_vwrapper_1{color:var(--color-content-text)!important;font-size:0.85em!important;line-height:1.7!important;height:25rem!important;border-radius:40px!important;position:static!important;padding:15px!important;background:#FFFFFF!important;box-shadow:0 1rem 2rem 0 rgba(0,0,0,0.08)!important}.layout_6732 .usg_image_1{border-radius:13.3px!important}.layout_6732 .usg_post_title_1{color:var(--color-header-middle-text)!important;font-size:20px!important;font-weight:600!important;padding-bottom:15px!important}.layout_6732 .usg_btn_2{font-size:16px!important;font-weight:700!important;border-radius:40px!important;animation-name:fade!important;animation-delay:0.3s!important;box-shadow:0 4px 8px 0 rgba(0,0,0,0.15)!important}@media (min-width:1281px) and (max-width:1440px){.layout_6732 .usg_vwrapper_1{height:27rem!important}}@media (min-width:769px) and (max-width:1280px){.layout_6732 .usg_vwrapper_1{height:25rem!important}}@media (max-width:768px){.layout_6732 .usg_vwrapper_1{height:23rem!important}}<\/style><div class=\"w-grid-list\">\t<article class=\"w-grid-item size_1x1 post-10958 post type-post status-publish format-standard has-post-thumbnail hentry category-medio-ambiente category-noticia category-rsc tag-actividad-fisica tag-bienestar tag-calidad-de-vida tag-ciudades-sostenibles tag-deporte tag-empresas-responsables tag-habitos-saludables tag-healthy-cities tag-healthy-cities-2026 tag-medio-ambiente tag-movilidad-sostenible tag-rsc tag-salud-laboral tag-sanitas tag-soltel tag-sostenibilidad\" data-id=\"10958\">\r\n\t\t<div class=\"w-grid-item-h\">\r\n\t\t\t\t\t\t<div class=\"w-vwrapper usg_vwrapper_1 has_text_color align_center valign_middle has-link\" style=\"--vwrapper-gap:25px\"><div class=\"w-image usg_image_1 has_ratio\"><a href=\"https:\/\/www.soltel.es\/en\/soltel-healthy-cities-2026-sanitas\/\" aria-label=\"healthy-cities-01-01\" class=\"w-image-h\"><div style=\"padding-bottom:66.6667%\"><\/div><img decoding=\"async\" width=\"640\" height=\"427\" src=\"https:\/\/www.soltel.es\/wp-content\/uploads\/2026\/05\/healthy-cities-01-01.png\" class=\"attachment-woocommerce_single size-woocommerce_single\" alt=\"\" loading=\"lazy\" \/><\/a><\/div><div class=\"w-hwrapper usg_hwrapper_1 align_none valign_top\" style=\"--hwrapper-gap:1rem\"><div class=\"w-post-elm post_title usg_post_title_1 has_text_color align_center entry-title color_link_inherit\"><a href=\"https:\/\/www.soltel.es\/en\/soltel-healthy-cities-2026-sanitas\/\">Soltel se suma al reto Healthy Cities 2026 de Sanitas<\/a><\/div><\/div><a class=\"w-btn us-btn-style_6 usg_btn_2 us_animate_this\" href=\"https:\/\/www.soltel.es\/en\/soltel-healthy-cities-2026-sanitas\/\"><span class=\"w-btn-label\">M\u00e1s informaci\u00f3n<\/span><\/a><a href=\"https:\/\/www.soltel.es\/en\/soltel-healthy-cities-2026-sanitas\/\" class=\"w-vwrapper-link smooth-scroll\" aria-label=\"Link\"><\/a><\/div>\t\t<\/div>\r\n\t\t\t<\/article>\r\n\t<article class=\"w-grid-item size_1x1 post-10928 post type-post status-publish format-standard has-post-thumbnail hentry category-big-data category-idi category-noticia category-transformacion-digital tag-conform-health tag-datos tag-economia-del-dato tag-espacios-de-datos tag-espana tag-gaia-x tag-innovacion tag-interoperabilidad tag-key2rare tag-salud-digital tag-sector-publico tag-smarttrial tag-soltel tag-transformacion-digital\" data-id=\"10928\">\r\n\t\t<div class=\"w-grid-item-h\">\r\n\t\t\t\t\t\t<div class=\"w-vwrapper usg_vwrapper_1 has_text_color align_center valign_middle has-link\" style=\"--vwrapper-gap:25px\"><div class=\"w-image usg_image_1 has_ratio\"><a href=\"https:\/\/www.soltel.es\/en\/soltel-innovacion-salud-gaiax-espana\/\" aria-label=\"II-cumbre-01\" class=\"w-image-h\"><div style=\"padding-bottom:66.6667%\"><\/div><img decoding=\"async\" width=\"640\" height=\"427\" src=\"https:\/\/www.soltel.es\/wp-content\/uploads\/2026\/04\/II-cumbre-01.png\" class=\"attachment-woocommerce_single size-woocommerce_single\" alt=\"\" loading=\"lazy\" \/><\/a><\/div><div class=\"w-hwrapper usg_hwrapper_1 align_none valign_top\" style=\"--hwrapper-gap:1rem\"><div class=\"w-post-elm post_title usg_post_title_1 has_text_color align_center entry-title color_link_inherit\"><a href=\"https:\/\/www.soltel.es\/en\/soltel-innovacion-salud-gaiax-espana\/\">Innovaci\u00f3n en salud basada en datos: Soltel en la II Cumbre de la Econom\u00eda del Dato de Gaia-X Espa\u00f1a<\/a><\/div><\/div><a class=\"w-btn us-btn-style_6 usg_btn_2 us_animate_this\" href=\"https:\/\/www.soltel.es\/en\/soltel-innovacion-salud-gaiax-espana\/\"><span class=\"w-btn-label\">M\u00e1s informaci\u00f3n<\/span><\/a><a href=\"https:\/\/www.soltel.es\/en\/soltel-innovacion-salud-gaiax-espana\/\" class=\"w-vwrapper-link smooth-scroll\" aria-label=\"Link\"><\/a><\/div>\t\t<\/div>\r\n\t\t\t<\/article>\r\n\t<article class=\"w-grid-item size_1x1 post-10915 post type-post status-publish format-standard has-post-thumbnail hentry category-noticia category-transformacion-digital tag-colaboracion-institucional tag-industria tag-innovacion-tecnologica tag-soltel tag-transformacion-digital\" data-id=\"10915\">\r\n\t\t<div class=\"w-grid-item-h\">\r\n\t\t\t\t\t\t<div class=\"w-vwrapper usg_vwrapper_1 has_text_color align_center valign_middle has-link\" style=\"--vwrapper-gap:25px\"><div class=\"w-image usg_image_1 has_ratio\"><a href=\"https:\/\/www.soltel.es\/en\/consejero-industria-energia-minas-visita-soltel\/\" aria-label=\"visita-consejero-soltel\" class=\"w-image-h\"><div style=\"padding-bottom:66.6667%\"><\/div><img decoding=\"async\" width=\"1024\" height=\"596\" src=\"https:\/\/www.soltel.es\/wp-content\/uploads\/2026\/04\/visita-consejero-soltel-1024x596.png\" class=\"attachment-woocommerce_single size-woocommerce_single\" alt=\"\" loading=\"lazy\" \/><\/a><\/div><div class=\"w-hwrapper usg_hwrapper_1 align_none valign_top\" style=\"--hwrapper-gap:1rem\"><div class=\"w-post-elm post_title usg_post_title_1 has_text_color align_center entry-title color_link_inherit\"><a href=\"https:\/\/www.soltel.es\/en\/consejero-industria-energia-minas-visita-soltel\/\">Visita del Consejero de Industria, Energ\u00eda y Minas de la Junta de Andaluc\u00eda<\/a><\/div><\/div><a class=\"w-btn us-btn-style_6 usg_btn_2 us_animate_this\" href=\"https:\/\/www.soltel.es\/en\/consejero-industria-energia-minas-visita-soltel\/\"><span class=\"w-btn-label\">M\u00e1s informaci\u00f3n<\/span><\/a><a href=\"https:\/\/www.soltel.es\/en\/consejero-industria-energia-minas-visita-soltel\/\" class=\"w-vwrapper-link smooth-scroll\" aria-label=\"Link\"><\/a><\/div>\t\t<\/div>\r\n\t\t\t<\/article>\r\n\t<article class=\"w-grid-item size_1x1 post-10874 post type-post status-publish format-standard has-post-thumbnail hentry category-noticia category-premios tag-andalucia tag-empresa-tecnologica tag-innovacion tag-premios tag-premios-luz tag-reconocimiento tag-sector-tic tag-soltel tag-tecnologia tag-transformacion-digital\" data-id=\"10874\">\r\n\t\t<div class=\"w-grid-item-h\">\r\n\t\t\t\t\t\t<div class=\"w-vwrapper usg_vwrapper_1 has_text_color align_center valign_middle has-link\" style=\"--vwrapper-gap:25px\"><div class=\"w-image usg_image_1 has_ratio\"><a href=\"https:\/\/www.soltel.es\/en\/soltel-premio-luz-2026-empresa-tecnologica\/\" aria-label=\"premios-luz-01\" class=\"w-image-h\"><div style=\"padding-bottom:66.6667%\"><\/div><img decoding=\"async\" width=\"1024\" height=\"682\" src=\"https:\/\/www.soltel.es\/wp-content\/uploads\/2026\/04\/premios-luz-01-1024x682.png\" class=\"attachment-woocommerce_single size-woocommerce_single\" alt=\"\" loading=\"lazy\" \/><\/a><\/div><div class=\"w-hwrapper usg_hwrapper_1 align_none valign_top\" style=\"--hwrapper-gap:1rem\"><div class=\"w-post-elm post_title usg_post_title_1 has_text_color align_center entry-title color_link_inherit\"><a href=\"https:\/\/www.soltel.es\/en\/soltel-premio-luz-2026-empresa-tecnologica\/\">Soltel, premiada en los Premios LUZ 2026 en la categor\u00eda \u201cEmpresa\u201d<\/a><\/div><\/div><a class=\"w-btn us-btn-style_6 usg_btn_2 us_animate_this\" href=\"https:\/\/www.soltel.es\/en\/soltel-premio-luz-2026-empresa-tecnologica\/\"><span class=\"w-btn-label\">M\u00e1s informaci\u00f3n<\/span><\/a><a href=\"https:\/\/www.soltel.es\/en\/soltel-premio-luz-2026-empresa-tecnologica\/\" class=\"w-vwrapper-link smooth-scroll\" aria-label=\"Link\"><\/a><\/div>\t\t<\/div>\r\n\t\t\t<\/article>\r\n<\/div><div class=\"g-loadmore hidden\"><div class=\"g-preloader type_1\"><div><\/div><\/div><\/div><div class=\"w-grid-list-json hidden\" onclick='return {&quot;max_num_pages&quot;:0,&quot;pagination&quot;:&quot;none&quot;,&quot;paged&quot;:1,&quot;ajaxData&quot;:{&quot;_nonce&quot;:&quot;eac9e0eace&quot;,&quot;action&quot;:&quot;us_ajax_post_list&quot;,&quot;template_vars&quot;:{&quot;paged&quot;:1,&quot;max_num_pages&quot;:0,&quot;no_results&quot;:false,&quot;source&quot;:&quot;all&quot;,&quot;custom_field_name&quot;:&quot;&quot;,&quot;ids&quot;:&quot;&quot;,&quot;post_type&quot;:&quot;post&quot;,&quot;post_author&quot;:&quot;any&quot;,&quot;post_author_ids&quot;:&quot;&quot;,&quot;exclude_children&quot;:0,&quot;exclude_current_post&quot;:1,&quot;exclude_prev_posts&quot;:0,&quot;apply_url_params&quot;:0,&quot;tax_query_relation&quot;:&quot;none&quot;,&quot;tax_query&quot;:[{&quot;operator&quot;:&quot;IN&quot;,&quot;taxonomy&quot;:&quot;category&quot;,&quot;terms&quot;:&quot;&quot;,&quot;include_children&quot;:0}],&quot;meta_query_relation&quot;:&quot;none&quot;,&quot;meta_query&quot;:[{&quot;key&quot;:&quot;custom_field_name&quot;,&quot;compare&quot;:&quot;=&quot;,&quot;value&quot;:&quot;&quot;}],&quot;orderby&quot;:&quot;date&quot;,&quot;orderby_custom_field&quot;:&quot;&quot;,&quot;orderby_custom_type&quot;:0,&quot;order_invert&quot;:&quot;1&quot;,&quot;show_all&quot;:0,&quot;quantity&quot;:&quot;4&quot;,&quot;no_items_action&quot;:&quot;message&quot;,&quot;no_items_message&quot;:&quot;No results found.&quot;,&quot;no_items_page_block&quot;:&quot;&quot;,&quot;pagination&quot;:&quot;none&quot;,&quot;pagination_style&quot;:&quot;&quot;,&quot;pagination_btn_text&quot;:&quot;Load More&quot;,&quot;pagination_btn_size&quot;:&quot;&quot;,&quot;pagination_btn_style&quot;:&quot;1&quot;,&quot;pagination_btn_fullwidth&quot;:0,&quot;items_layout&quot;:&quot;6732&quot;,&quot;type&quot;:&quot;grid&quot;,&quot;items_valign&quot;:0,&quot;ignore_items_size&quot;:0,&quot;load_animation&quot;:&quot;none&quot;,&quot;columns&quot;:&quot;4&quot;,&quot;items_gap&quot;:&quot;0.6rem&quot;,&quot;img_size&quot;:&quot;default&quot;,&quot;title_size&quot;:&quot;&quot;,&quot;items_ratio&quot;:&quot;default&quot;,&quot;items_ratio_width&quot;:&quot;21&quot;,&quot;items_ratio_height&quot;:&quot;9&quot;,&quot;overriding_link&quot;:&quot;{\\&quot;url\\&quot;:\\&quot;\\&quot;}&quot;,&quot;popup_width&quot;:&quot;&quot;,&quot;popup_arrows&quot;:1,&quot;breakpoint_1_width&quot;:&quot;1441px&quot;,&quot;breakpoint_1_cols&quot;:&quot;default&quot;,&quot;breakpoint_1_gap&quot;:&quot;&quot;,&quot;breakpoint_2_width&quot;:&quot;1281px&quot;,&quot;breakpoint_2_cols&quot;:&quot;2&quot;,&quot;breakpoint_2_gap&quot;:&quot;&quot;,&quot;breakpoint_3_width&quot;:&quot;769px&quot;,&quot;breakpoint_3_cols&quot;:&quot;1&quot;,&quot;breakpoint_3_gap&quot;:&quot;&quot;,&quot;conditions_operator&quot;:&quot;always&quot;,&quot;conditions&quot;:[],&quot;css&quot;:null,&quot;el_class&quot;:&quot;&quot;,&quot;el_id&quot;:&quot;&quot;,&quot;enable_custom_html_atts&quot;:0,&quot;custom_html_atts&quot;:null,&quot;hide_on_states&quot;:&quot;&quot;,&quot;hide_for_sticky&quot;:0,&quot;hide_for_not_sticky&quot;:0,&quot;hide_below&quot;:&quot;0px&quot;,&quot;hide_above&quot;:&quot;0px&quot;,&quot;classes&quot;:&quot;&quot;}}}'><\/div><\/div><\/div><\/div><\/div><div class=\"w-btn-wrapper align_center\"><a class=\"w-btn us-btn-style_2 us_custom_fa8dbb55\" href=\"\/noticias\"><span class=\"w-btn-label\">Ver todas las noticias<\/span><\/a><\/div><div class=\"w-separator size_medium\"><\/div><\/div><\/div><\/div><\/div><\/section>\n","protected":false},"excerpt":{"rendered":"","protected":false},"author":4,"featured_media":0,"parent":0,"menu_order":0,"comment_status":"closed","ping_status":"closed","template":"","meta":{"_acf_changed":false,"footnotes":""},"class_list":["post-5192","page","type-page","status-publish","hentry"],"acf":[],"yoast_head":"<!-- This site is optimized with the Yoast SEO plugin v27.6 - https:\/\/yoast.com\/product\/yoast-seo-wordpress\/ -->\n<title>Newsletter - Soltel Group<\/title>\n<meta name=\"robots\" content=\"index, follow, max-snippet:-1, max-image-preview:large, max-video-preview:-1\" \/>\n<link rel=\"canonical\" href=\"https:\/\/www.soltel.es\/en\/newsletter\/\" \/>\n<meta property=\"og:locale\" content=\"en_GB\" \/>\n<meta property=\"og:type\" content=\"article\" \/>\n<meta property=\"og:title\" content=\"Newsletter - Soltel Group\" \/>\n<meta property=\"og:url\" content=\"https:\/\/www.soltel.es\/en\/newsletter\/\" \/>\n<meta property=\"og:site_name\" content=\"Soltel Group\" \/>\n<meta property=\"article:publisher\" content=\"https:\/\/www.facebook.com\/pages\/Soltel-IT-Solutions\/158795267511286\" \/>\n<meta property=\"article:modified_time\" content=\"2025-08-13T10:30:02+00:00\" \/>\n<meta name=\"twitter:card\" content=\"summary_large_image\" \/>\n<meta name=\"twitter:site\" content=\"@soltel_it\" \/>\n<meta name=\"twitter:label1\" content=\"Estimated reading time\" \/>\n\t<meta name=\"twitter:data1\" content=\"2 minutes\" \/>\n<script type=\"application\/ld+json\" class=\"yoast-schema-graph\">{\"@context\":\"https:\\\/\\\/schema.org\",\"@graph\":[{\"@type\":\"WebPage\",\"@id\":\"https:\\\/\\\/www.soltel.es\\\/newsletter\\\/\",\"url\":\"https:\\\/\\\/www.soltel.es\\\/newsletter\\\/\",\"name\":\"Newsletter - Soltel Group\",\"isPartOf\":{\"@id\":\"https:\\\/\\\/www.soltel.es\\\/#website\"},\"datePublished\":\"2023-04-19T16:24:15+00:00\",\"dateModified\":\"2025-08-13T10:30:02+00:00\",\"breadcrumb\":{\"@id\":\"https:\\\/\\\/www.soltel.es\\\/newsletter\\\/#breadcrumb\"},\"inLanguage\":\"en-GB\",\"potentialAction\":[{\"@type\":\"ReadAction\",\"target\":[\"https:\\\/\\\/www.soltel.es\\\/newsletter\\\/\"]}]},{\"@type\":\"BreadcrumbList\",\"@id\":\"https:\\\/\\\/www.soltel.es\\\/newsletter\\\/#breadcrumb\",\"itemListElement\":[{\"@type\":\"ListItem\",\"position\":1,\"name\":\"Portada\",\"item\":\"https:\\\/\\\/www.soltel.es\\\/\"},{\"@type\":\"ListItem\",\"position\":2,\"name\":\"Newsletter\"}]},{\"@type\":\"WebSite\",\"@id\":\"https:\\\/\\\/www.soltel.es\\\/#website\",\"url\":\"https:\\\/\\\/www.soltel.es\\\/\",\"name\":\"Soltel Group\",\"description\":\"Soltel IT Solutions, empresa especializada en servicios IT\",\"publisher\":{\"@id\":\"https:\\\/\\\/www.soltel.es\\\/#organization\"},\"potentialAction\":[{\"@type\":\"SearchAction\",\"target\":{\"@type\":\"EntryPoint\",\"urlTemplate\":\"https:\\\/\\\/www.soltel.es\\\/?s={search_term_string}\"},\"query-input\":{\"@type\":\"PropertyValueSpecification\",\"valueRequired\":true,\"valueName\":\"search_term_string\"}}],\"inLanguage\":\"en-GB\"},{\"@type\":\"Organization\",\"@id\":\"https:\\\/\\\/www.soltel.es\\\/#organization\",\"name\":\"Soltel Group\",\"url\":\"https:\\\/\\\/www.soltel.es\\\/\",\"logo\":{\"@type\":\"ImageObject\",\"inLanguage\":\"en-GB\",\"@id\":\"https:\\\/\\\/www.soltel.es\\\/#\\\/schema\\\/logo\\\/image\\\/\",\"url\":\"https:\\\/\\\/www.soltel.es\\\/wp-content\\\/uploads\\\/2023\\\/03\\\/logotipo-soltel.png\",\"contentUrl\":\"https:\\\/\\\/www.soltel.es\\\/wp-content\\\/uploads\\\/2023\\\/03\\\/logotipo-soltel.png\",\"width\":276,\"height\":212,\"caption\":\"Soltel Group\"},\"image\":{\"@id\":\"https:\\\/\\\/www.soltel.es\\\/#\\\/schema\\\/logo\\\/image\\\/\"},\"sameAs\":[\"https:\\\/\\\/www.facebook.com\\\/pages\\\/Soltel-IT-Solutions\\\/158795267511286\",\"https:\\\/\\\/x.com\\\/soltel_it\",\"https:\\\/\\\/www.youtube.com\\\/@soltel\",\"https:\\\/\\\/www.linkedin.com\\\/company\\\/soltel\",\"https:\\\/\\\/www.instagram.com\\\/soltelgroup\\\/\"]}]}<\/script>\n<!-- \/ Yoast SEO plugin. -->","yoast_head_json":{"title":"Newsletter - Soltel Group","robots":{"index":"index","follow":"follow","max-snippet":"max-snippet:-1","max-image-preview":"max-image-preview:large","max-video-preview":"max-video-preview:-1"},"canonical":"https:\/\/www.soltel.es\/en\/newsletter\/","og_locale":"en_GB","og_type":"article","og_title":"Newsletter - Soltel Group","og_url":"https:\/\/www.soltel.es\/en\/newsletter\/","og_site_name":"Soltel Group","article_publisher":"https:\/\/www.facebook.com\/pages\/Soltel-IT-Solutions\/158795267511286","article_modified_time":"2025-08-13T10:30:02+00:00","twitter_card":"summary_large_image","twitter_site":"@soltel_it","twitter_misc":{"Estimated reading time":"2 minutes"},"schema":{"@context":"https:\/\/schema.org","@graph":[{"@type":"WebPage","@id":"https:\/\/www.soltel.es\/newsletter\/","url":"https:\/\/www.soltel.es\/newsletter\/","name":"Newsletter - Soltel Group","isPartOf":{"@id":"https:\/\/www.soltel.es\/#website"},"datePublished":"2023-04-19T16:24:15+00:00","dateModified":"2025-08-13T10:30:02+00:00","breadcrumb":{"@id":"https:\/\/www.soltel.es\/newsletter\/#breadcrumb"},"inLanguage":"en-GB","potentialAction":[{"@type":"ReadAction","target":["https:\/\/www.soltel.es\/newsletter\/"]}]},{"@type":"BreadcrumbList","@id":"https:\/\/www.soltel.es\/newsletter\/#breadcrumb","itemListElement":[{"@type":"ListItem","position":1,"name":"Portada","item":"https:\/\/www.soltel.es\/"},{"@type":"ListItem","position":2,"name":"Newsletter"}]},{"@type":"WebSite","@id":"https:\/\/www.soltel.es\/#website","url":"https:\/\/www.soltel.es\/","name":"Soltel Group","description":"Soltel IT Solutions, a company specializing in IT services","publisher":{"@id":"https:\/\/www.soltel.es\/#organization"},"potentialAction":[{"@type":"SearchAction","target":{"@type":"EntryPoint","urlTemplate":"https:\/\/www.soltel.es\/?s={search_term_string}"},"query-input":{"@type":"PropertyValueSpecification","valueRequired":true,"valueName":"search_term_string"}}],"inLanguage":"en-GB"},{"@type":"Organization","@id":"https:\/\/www.soltel.es\/#organization","name":"Soltel Group","url":"https:\/\/www.soltel.es\/","logo":{"@type":"ImageObject","inLanguage":"en-GB","@id":"https:\/\/www.soltel.es\/#\/schema\/logo\/image\/","url":"https:\/\/www.soltel.es\/wp-content\/uploads\/2023\/03\/logotipo-soltel.png","contentUrl":"https:\/\/www.soltel.es\/wp-content\/uploads\/2023\/03\/logotipo-soltel.png","width":276,"height":212,"caption":"Soltel Group"},"image":{"@id":"https:\/\/www.soltel.es\/#\/schema\/logo\/image\/"},"sameAs":["https:\/\/www.facebook.com\/pages\/Soltel-IT-Solutions\/158795267511286","https:\/\/x.com\/soltel_it","https:\/\/www.youtube.com\/@soltel","https:\/\/www.linkedin.com\/company\/soltel","https:\/\/www.instagram.com\/soltelgroup\/"]}]}},"_links":{"self":[{"href":"https:\/\/www.soltel.es\/en\/wp-json\/wp\/v2\/pages\/5192","targetHints":{"allow":["GET"]}}],"collection":[{"href":"https:\/\/www.soltel.es\/en\/wp-json\/wp\/v2\/pages"}],"about":[{"href":"https:\/\/www.soltel.es\/en\/wp-json\/wp\/v2\/types\/page"}],"author":[{"embeddable":true,"href":"https:\/\/www.soltel.es\/en\/wp-json\/wp\/v2\/users\/4"}],"replies":[{"embeddable":true,"href":"https:\/\/www.soltel.es\/en\/wp-json\/wp\/v2\/comments?post=5192"}],"version-history":[{"count":5,"href":"https:\/\/www.soltel.es\/en\/wp-json\/wp\/v2\/pages\/5192\/revisions"}],"predecessor-version":[{"id":10034,"href":"https:\/\/www.soltel.es\/en\/wp-json\/wp\/v2\/pages\/5192\/revisions\/10034"}],"wp:attachment":[{"href":"https:\/\/www.soltel.es\/en\/wp-json\/wp\/v2\/media?parent=5192"}],"curies":[{"name":"wp","href":"https:\/\/api.w.org\/{rel}","templated":true}]}}