{"id":5185,"date":"2023-04-17T16:19:16","date_gmt":"2023-04-17T16:19:16","guid":{"rendered":"https:\/\/www.soltel.es\/?page_id=5185"},"modified":"2026-03-09T15:29:39","modified_gmt":"2026-03-09T15:29:39","slug":"consulta-incidencia","status":"publish","type":"page","link":"https:\/\/www.soltel.es\/en\/consulta-incidencia\/","title":{"rendered":"Consulta incidencia"},"content":{"rendered":"<section class=\"l-section wpb_row us_custom_c95ccc01 fondo-metalico height_small color_footer-bottom\"><div class=\"l-section-h i-cf\"><div class=\"g-cols vc_row via_grid cols_1 laptops-cols_inherit tablets-cols_inherit mobiles-cols_1 valign_top type_default stacking_default\"><div class=\"wpb_column vc_column_container fondo-metalico\"><div class=\"vc_column-inner\"><div class=\"w-separator size_small\"><\/div><h3 class=\"w-text us_custom_fd6b9fe0 us_animate_this\"><span class=\"w-text-h\"><span class=\"w-text-value\">Consulta  estado de la incidencia<\/span><\/span><\/h3><\/div><\/div><\/div><\/div><\/section><section class=\"l-section wpb_row height_large\"><div class=\"l-section-h i-cf\"><div class=\"g-cols vc_row via_grid cols_1 laptops-cols_inherit tablets-cols_inherit mobiles-cols_1 valign_top type_default stacking_default\"><div class=\"wpb_column vc_column_container\"><div class=\"vc_column-inner\"><div class=\"wpb_text_column\"><div class=\"wpb_wrapper\"><p>Aqu\u00ed puede consultar el estado de su irregularidad o incidencia, tenga en cuenta que:<\/p>\n<p>In accordance with Law 2\/2023, of February 20, regulating the protection of persons who report regulatory infringements and the fight against corruption, \"you will be informed of the admission of your communication within seven calendar days following its receipt.\"<\/p>\n<p>Similarly, the Law states that \"the maximum period for responding to investigative actions may not exceed three months from the receipt of the communication, except in cases of special complexity that require an extension of the period, in which case, it may be extended up to a maximum of another three additional months.\"<\/p>\n<\/div><\/div><div class=\"w-separator size_medium\"><\/div>\n<form id=\"sii-consulta-form\" method=\"get\" action=\"\" data-trp-original-action=\"\">\n    <label for=\"identificador\">Ingrese su identificador:<\/label>\n    <input type=\"text\" name=\"identificador\" id=\"identificador\" value=\"\" placeholder=\"Introduzca el identificador\" required autocomplete=\"off\">\n    <button type=\"submit\">Consultar<\/button>\n<input type=\"hidden\" name=\"trp-form-language\" value=\"en\"\/><\/form>\n\n<!-- Contenedor para los resultados de la consulta -->\n<div id=\"consulta-resultados\" style=\"margin-top: 20px;\">\n    <!-- Aqu\u00ed se insertar\u00e1n din\u00e1micamente los resultados de la consulta -->\n<\/div>\n<\/div><\/div><\/div><\/div><\/section>","protected":false},"excerpt":{"rendered":"","protected":false},"author":4,"featured_media":0,"parent":0,"menu_order":0,"comment_status":"closed","ping_status":"closed","template":"","meta":{"_acf_changed":false,"footnotes":""},"class_list":["post-5185","page","type-page","status-publish","hentry"],"acf":[],"yoast_head":"<!-- This site is optimized with the Yoast SEO plugin v27.3 - https:\/\/yoast.com\/product\/yoast-seo-wordpress\/ -->\n<title>Consulta incidencia - Soltel Group<\/title>\n<meta name=\"robots\" content=\"index, follow, max-snippet:-1, max-image-preview:large, max-video-preview:-1\" \/>\n<link rel=\"canonical\" href=\"https:\/\/www.soltel.es\/en\/consulta-incidencia\/\" \/>\n<meta property=\"og:locale\" content=\"en_GB\" \/>\n<meta property=\"og:type\" content=\"article\" \/>\n<meta property=\"og:title\" content=\"Consulta incidencia - Soltel Group\" \/>\n<meta property=\"og:url\" content=\"https:\/\/www.soltel.es\/en\/consulta-incidencia\/\" \/>\n<meta property=\"og:site_name\" content=\"Soltel Group\" \/>\n<meta property=\"article:publisher\" content=\"https:\/\/www.facebook.com\/pages\/Soltel-IT-Solutions\/158795267511286\" \/>\n<meta property=\"article:modified_time\" content=\"2026-03-09T15:29:39+00:00\" \/>\n<meta name=\"twitter:card\" content=\"summary_large_image\" \/>\n<meta name=\"twitter:site\" content=\"@soltel_it\" \/>\n<meta name=\"twitter:label1\" content=\"Estimated reading time\" \/>\n\t<meta name=\"twitter:data1\" content=\"1 minute\" \/>\n<script type=\"application\/ld+json\" class=\"yoast-schema-graph\">{\"@context\":\"https:\\\/\\\/schema.org\",\"@graph\":[{\"@type\":\"WebPage\",\"@id\":\"https:\\\/\\\/www.soltel.es\\\/consulta-incidencia\\\/\",\"url\":\"https:\\\/\\\/www.soltel.es\\\/consulta-incidencia\\\/\",\"name\":\"Consulta incidencia - Soltel Group\",\"isPartOf\":{\"@id\":\"https:\\\/\\\/www.soltel.es\\\/#website\"},\"datePublished\":\"2023-04-17T16:19:16+00:00\",\"dateModified\":\"2026-03-09T15:29:39+00:00\",\"breadcrumb\":{\"@id\":\"https:\\\/\\\/www.soltel.es\\\/consulta-incidencia\\\/#breadcrumb\"},\"inLanguage\":\"en-GB\",\"potentialAction\":[{\"@type\":\"ReadAction\",\"target\":[\"https:\\\/\\\/www.soltel.es\\\/consulta-incidencia\\\/\"]}]},{\"@type\":\"BreadcrumbList\",\"@id\":\"https:\\\/\\\/www.soltel.es\\\/consulta-incidencia\\\/#breadcrumb\",\"itemListElement\":[{\"@type\":\"ListItem\",\"position\":1,\"name\":\"Portada\",\"item\":\"https:\\\/\\\/www.soltel.es\\\/\"},{\"@type\":\"ListItem\",\"position\":2,\"name\":\"Consulta incidencia\"}]},{\"@type\":\"WebSite\",\"@id\":\"https:\\\/\\\/www.soltel.es\\\/#website\",\"url\":\"https:\\\/\\\/www.soltel.es\\\/\",\"name\":\"Soltel Group\",\"description\":\"Soltel IT Solutions, empresa especializada en servicios IT\",\"publisher\":{\"@id\":\"https:\\\/\\\/www.soltel.es\\\/#organization\"},\"potentialAction\":[{\"@type\":\"SearchAction\",\"target\":{\"@type\":\"EntryPoint\",\"urlTemplate\":\"https:\\\/\\\/www.soltel.es\\\/?s={search_term_string}\"},\"query-input\":{\"@type\":\"PropertyValueSpecification\",\"valueRequired\":true,\"valueName\":\"search_term_string\"}}],\"inLanguage\":\"en-GB\"},{\"@type\":\"Organization\",\"@id\":\"https:\\\/\\\/www.soltel.es\\\/#organization\",\"name\":\"Soltel Group\",\"url\":\"https:\\\/\\\/www.soltel.es\\\/\",\"logo\":{\"@type\":\"ImageObject\",\"inLanguage\":\"en-GB\",\"@id\":\"https:\\\/\\\/www.soltel.es\\\/#\\\/schema\\\/logo\\\/image\\\/\",\"url\":\"https:\\\/\\\/www.soltel.es\\\/wp-content\\\/uploads\\\/2023\\\/03\\\/logotipo-soltel.png\",\"contentUrl\":\"https:\\\/\\\/www.soltel.es\\\/wp-content\\\/uploads\\\/2023\\\/03\\\/logotipo-soltel.png\",\"width\":276,\"height\":212,\"caption\":\"Soltel Group\"},\"image\":{\"@id\":\"https:\\\/\\\/www.soltel.es\\\/#\\\/schema\\\/logo\\\/image\\\/\"},\"sameAs\":[\"https:\\\/\\\/www.facebook.com\\\/pages\\\/Soltel-IT-Solutions\\\/158795267511286\",\"https:\\\/\\\/x.com\\\/soltel_it\",\"https:\\\/\\\/www.youtube.com\\\/@soltel\",\"https:\\\/\\\/www.linkedin.com\\\/company\\\/soltel\",\"https:\\\/\\\/www.instagram.com\\\/soltelgroup\\\/\"]}]}<\/script>\n<!-- \/ Yoast SEO plugin. -->","yoast_head_json":{"title":"Consulta incidencia - Soltel Group","robots":{"index":"index","follow":"follow","max-snippet":"max-snippet:-1","max-image-preview":"max-image-preview:large","max-video-preview":"max-video-preview:-1"},"canonical":"https:\/\/www.soltel.es\/en\/consulta-incidencia\/","og_locale":"en_GB","og_type":"article","og_title":"Consulta incidencia - Soltel Group","og_url":"https:\/\/www.soltel.es\/en\/consulta-incidencia\/","og_site_name":"Soltel Group","article_publisher":"https:\/\/www.facebook.com\/pages\/Soltel-IT-Solutions\/158795267511286","article_modified_time":"2026-03-09T15:29:39+00:00","twitter_card":"summary_large_image","twitter_site":"@soltel_it","twitter_misc":{"Estimated reading time":"1 minute"},"schema":{"@context":"https:\/\/schema.org","@graph":[{"@type":"WebPage","@id":"https:\/\/www.soltel.es\/consulta-incidencia\/","url":"https:\/\/www.soltel.es\/consulta-incidencia\/","name":"Consulta incidencia - Soltel Group","isPartOf":{"@id":"https:\/\/www.soltel.es\/#website"},"datePublished":"2023-04-17T16:19:16+00:00","dateModified":"2026-03-09T15:29:39+00:00","breadcrumb":{"@id":"https:\/\/www.soltel.es\/consulta-incidencia\/#breadcrumb"},"inLanguage":"en-GB","potentialAction":[{"@type":"ReadAction","target":["https:\/\/www.soltel.es\/consulta-incidencia\/"]}]},{"@type":"BreadcrumbList","@id":"https:\/\/www.soltel.es\/consulta-incidencia\/#breadcrumb","itemListElement":[{"@type":"ListItem","position":1,"name":"Portada","item":"https:\/\/www.soltel.es\/"},{"@type":"ListItem","position":2,"name":"Consulta incidencia"}]},{"@type":"WebSite","@id":"https:\/\/www.soltel.es\/#website","url":"https:\/\/www.soltel.es\/","name":"Soltel Group","description":"Soltel IT Solutions, a company specializing in IT services","publisher":{"@id":"https:\/\/www.soltel.es\/#organization"},"potentialAction":[{"@type":"SearchAction","target":{"@type":"EntryPoint","urlTemplate":"https:\/\/www.soltel.es\/?s={search_term_string}"},"query-input":{"@type":"PropertyValueSpecification","valueRequired":true,"valueName":"search_term_string"}}],"inLanguage":"en-GB"},{"@type":"Organization","@id":"https:\/\/www.soltel.es\/#organization","name":"Soltel Group","url":"https:\/\/www.soltel.es\/","logo":{"@type":"ImageObject","inLanguage":"en-GB","@id":"https:\/\/www.soltel.es\/#\/schema\/logo\/image\/","url":"https:\/\/www.soltel.es\/wp-content\/uploads\/2023\/03\/logotipo-soltel.png","contentUrl":"https:\/\/www.soltel.es\/wp-content\/uploads\/2023\/03\/logotipo-soltel.png","width":276,"height":212,"caption":"Soltel Group"},"image":{"@id":"https:\/\/www.soltel.es\/#\/schema\/logo\/image\/"},"sameAs":["https:\/\/www.facebook.com\/pages\/Soltel-IT-Solutions\/158795267511286","https:\/\/x.com\/soltel_it","https:\/\/www.youtube.com\/@soltel","https:\/\/www.linkedin.com\/company\/soltel","https:\/\/www.instagram.com\/soltelgroup\/"]}]}},"_links":{"self":[{"href":"https:\/\/www.soltel.es\/en\/wp-json\/wp\/v2\/pages\/5185","targetHints":{"allow":["GET"]}}],"collection":[{"href":"https:\/\/www.soltel.es\/en\/wp-json\/wp\/v2\/pages"}],"about":[{"href":"https:\/\/www.soltel.es\/en\/wp-json\/wp\/v2\/types\/page"}],"author":[{"embeddable":true,"href":"https:\/\/www.soltel.es\/en\/wp-json\/wp\/v2\/users\/4"}],"replies":[{"embeddable":true,"href":"https:\/\/www.soltel.es\/en\/wp-json\/wp\/v2\/comments?post=5185"}],"version-history":[{"count":17,"href":"https:\/\/www.soltel.es\/en\/wp-json\/wp\/v2\/pages\/5185\/revisions"}],"predecessor-version":[{"id":10586,"href":"https:\/\/www.soltel.es\/en\/wp-json\/wp\/v2\/pages\/5185\/revisions\/10586"}],"wp:attachment":[{"href":"https:\/\/www.soltel.es\/en\/wp-json\/wp\/v2\/media?parent=5185"}],"curies":[{"name":"wp","href":"https:\/\/api.w.org\/{rel}","templated":true}]}}