{"id":4775,"date":"2022-08-03T07:27:24","date_gmt":"2022-08-03T07:27:24","guid":{"rendered":"https:\/\/www.soltel.es\/?page_id=4775"},"modified":"2026-05-11T08:52:51","modified_gmt":"2026-05-11T08:52:51","slug":"unete-a-nosotros","status":"publish","type":"page","link":"https:\/\/www.soltel.es\/en\/unete-a-nosotros\/","title":{"rendered":"Join us"},"content":{"rendered":"<section class=\"l-section wpb_row us_custom_6a8a1316 fondo-metalico height_auto color_footer-bottom\"><div class=\"l-section-h i-cf\"><div class=\"g-cols vc_row via_grid cols_1 laptops-cols_inherit tablets-cols_inherit mobiles-cols_1 valign_middle type_default stacking_default\" style=\"--gap:0rem;\"><div class=\"wpb_column vc_column_container\"><div class=\"vc_column-inner\"><div class=\"w-separator size_small\"><\/div><div class=\"w-html\"><canvas id=\"glitterCanvas\"><\/canvas><\/div><div class=\"w-text us_custom_752282c5 has_text_color us_animate_this\"><span class=\"w-text-h\"><span class=\"w-text-value\">Join us<\/span><\/span><\/div><\/div><\/div><\/div><\/div><\/section><section class=\"l-section wpb_row height_medium\"><div class=\"l-section-h i-cf\"><div class=\"g-cols vc_row via_grid cols_2-3 laptops-cols_inherit tablets-cols_inherit mobiles-cols_1 valign_top type_default stacking_default\"><div class=\"wpb_column vc_column_container\"><div class=\"vc_column-inner\"><div class=\"w-image us_custom_81dbcac1 align_none\"><div class=\"w-image-h\"><img decoding=\"async\" width=\"660\" height=\"465\" src=\"https:\/\/www.soltel.es\/wp-content\/uploads\/2022\/09\/plantilla-soltel-programadores-660x465.jpg\" class=\"attachment-woocommerce_thumbnail size-woocommerce_thumbnail\" alt=\"\" loading=\"lazy\" \/><\/div><\/div><\/div><\/div><div class=\"wpb_column vc_column_container\"><div class=\"vc_column-inner\"><div class=\"wpb_text_column\"><div class=\"wpb_wrapper\"><section class=\"sh-section sh-section-0e91958ed9c5c8ee2c1f9f85d85bd474 fw-main-row sh-section-visibility-everywhere\">\n<div class=\"sh-section-container container\">\n<div class=\"fw-row\">\n<div class=\"sh-column sh-column-259a904885f9689012b6e235abfc7ab4 fw-col-xs-12\">\n<div class=\"sh-column-wrapper\">\n<div id=\"heading-f0627f0b629bb0c27e17996faf79f584\" class=\"sh-heading\">\n<h1 class=\"sh-heading-content size-default text-center\"><span style=\"font-size: 21px; font-family: inherit;\">If you want to be part of Soltel Group, you just have to attach your resume and accept the privacy policy.<\/span><\/h1>\n<\/div>\n<\/div>\n<\/div>\n<\/div>\n<div class=\"fw-row\">\n<div class=\"sh-column sh-column-9eb12747f7b0c63047ddcf85423edae7 fw-col-xs-12 fw-col-sm-6\">\n<div class=\"sh-column-wrapper\">\n<div id=\"single-image-c52269c1b19607edeb56040f69025527\" class=\"sh-single-image\">\n<div class=\"sh-single-image-container\">\n<p>Candidate acceptance prior to CV inclusion<\/p>\n<\/div>\n<\/div>\n<\/div>\n<\/div>\n<\/div>\n<div class=\"fw-row\">\n<div class=\"sh-column sh-column-27fe610327f1ff59a922aa83884c0c0f fw-col-xs-12\">\n<div class=\"sh-column-wrapper\">\n<div id=\"text-block-71c663089b0c9f1a2651cb2ed789ccdd\" class=\"sh-text-block\">\n<div id=\"wpcf7-f5490-o1\" class=\"wpcf7 no-js\" dir=\"ltr\" lang=\"es-ES\">\n<h5><span style=\"color: #ff0000;\">The PDF must not exceed 8MB<\/span><\/h5>\n<div class=\"wpcf7-response-output\" aria-hidden=\"true\">\u00a0<\/div>\n<\/div>\n<\/div>\n<\/div>\n<\/div>\n<\/div>\n<\/div>\n<\/section>\n<p><!-- 3dd98afcfeef49e02df4a431abceedc9 --><\/p>\n<\/div><\/div><\/div><\/div><\/div><\/div><\/section><section class=\"l-section wpb_row height_medium\"><div class=\"l-section-h i-cf\"><div class=\"g-cols vc_row via_grid cols_1 laptops-cols_inherit tablets-cols_inherit mobiles-cols_1 valign_top type_default stacking_default\"><div class=\"wpb_column vc_column_container\"><div class=\"vc_column-inner\"><div class=\"wpb_text_column\"><div class=\"wpb_wrapper\">\n<div class=\"wpcf7 no-js\" id=\"wpcf7-f6039-o1\" lang=\"es-ES\" dir=\"ltr\" data-wpcf7-id=\"6039\">\n<div class=\"screen-reader-response\"><p role=\"status\" aria-live=\"polite\" aria-atomic=\"true\"><\/p> <ul><\/ul><\/div>\n<form action=\"\/en\/wp-json\/wp\/v2\/pages\/4775#wpcf7-f6039-o1\" method=\"post\" class=\"wpcf7-form init\" aria-label=\"Contact form\" enctype=\"multipart\/form-data\" novalidate=\"novalidate\" data-status=\"init\" data-trp-original-action=\"\/en\/wp-json\/wp\/v2\/pages\/4775#wpcf7-f6039-o1\">\n<fieldset class=\"hidden-fields-container\"><input type=\"hidden\" name=\"_wpcf7\" value=\"6039\" \/><input type=\"hidden\" name=\"_wpcf7_version\" value=\"6.1.5\" \/><input type=\"hidden\" name=\"_wpcf7_locale\" value=\"es_ES\" \/><input type=\"hidden\" name=\"_wpcf7_unit_tag\" value=\"wpcf7-f6039-o1\" \/><input type=\"hidden\" name=\"_wpcf7_container_post\" value=\"0\" \/><input type=\"hidden\" name=\"_wpcf7_posted_data_hash\" value=\"\" \/>\n<\/fieldset>\n<p><label> Your name\n\t\t<spam class=\"obligatorio\">*\n\t\t<\/spam>\n\t\t<spam>\n <span class=\"wpcf7-form-control-wrap\" data-name=\"your-name\"><input size=\"40\" maxlength=\"400\" class=\"wpcf7-form-control wpcf7-text wpcf7-validates-as-required\" autocomplete=\"name\" aria-required=\"true\" aria-invalid=\"false\" value=\"\" type=\"text\" name=\"your-name\" \/><\/span>\n\t\t<\/spam><\/label>\n<\/p>\n<p><label> Your email address\n\t\t<spam class=\"obligatorio\">*\n\t\t<\/spam>\n\t\t<spam>\n <span class=\"wpcf7-form-control-wrap\" data-name=\"your-email\"><input size=\"40\" maxlength=\"400\" class=\"wpcf7-form-control wpcf7-email wpcf7-validates-as-required wpcf7-text wpcf7-validates-as-email\" autocomplete=\"email\" aria-required=\"true\" aria-invalid=\"false\" value=\"\" type=\"email\" name=\"your-email\" \/><\/span>\n\t\t<\/spam><\/label>\n<\/p>\n<p><label> Subject\n\t\t<spam class=\"obligatorio\">*\n\t\t<\/spam>\n\t\t<spam>\n <span class=\"wpcf7-form-control-wrap\" data-name=\"your-subject\"><input size=\"40\" maxlength=\"400\" class=\"wpcf7-form-control wpcf7-text wpcf7-validates-as-required\" aria-required=\"true\" aria-invalid=\"false\" value=\"\" type=\"text\" name=\"your-subject\" \/><\/span>\n\t\t<\/spam><\/label>\n<\/p>\n<p><label> Your message (optional)<br \/>\n<span class=\"wpcf7-form-control-wrap\" data-name=\"your-message\"><textarea cols=\"40\" rows=\"10\" maxlength=\"2000\" class=\"wpcf7-form-control wpcf7-textarea\" aria-invalid=\"false\" name=\"your-message\"><\/textarea><\/span> <\/label>\n<\/p>\n<p><label>Select the position for which you are applying\n\t\t<spam class=\"obligatorio\">*\n\t\t<\/spam>\n\t\t<spam>\n<span class=\"wpcf7-form-control-wrap\" data-name=\"checkbox-725\"><span class=\"wpcf7-form-control wpcf7-checkbox wpcf7-validates-as-required\"><span class=\"wpcf7-list-item first\"><label><input type=\"checkbox\" name=\"checkbox-725[]\" value=\"Curr\u00edculum\" \/><span class=\"wpcf7-list-item-label\">Resume<\/span><\/label><\/span><span class=\"wpcf7-list-item last\"><label><input type=\"checkbox\" name=\"checkbox-725[]\" value=\"CV Pr\u00e1cticas\" \/><span class=\"wpcf7-list-item-label\">CV Internships<\/span><\/label><\/span><\/span><\/span>\n\t\t<\/spam><\/label>\n<\/p>\n<p><label> CV\n\t\t<spam class=\"obligatorio\">* (The PDF must not exceed 8MB)\n\t\t<\/spam>\n\t\t<spam>\n <span class=\"wpcf7-form-control-wrap\" data-name=\"PDF\"><input size=\"40\" class=\"wpcf7-form-control wpcf7-file wpcf7-validates-as-required\" accept=\".pdf\" aria-required=\"true\" aria-invalid=\"false\" type=\"file\" name=\"PDF\" \/><\/span>\n\t\t<\/spam><\/label>\n<\/p>\n<p>\n\t<spam class=\"\"><span class=\"wpcf7-form-control-wrap\" data-name=\"acceptance-411\"><span class=\"wpcf7-form-control wpcf7-acceptance\"><span class=\"wpcf7-list-item\"><input type=\"checkbox\" name=\"acceptance-411\" value=\"1\" aria-invalid=\"false\" \/><\/span><\/span><\/span>\n\t<\/spam>\n\t<spam>\nI have read and agree to the terms and conditions detailed in the <a href=\"\/en\/informacion-basica-sobre-proteccion-de-datos\/\" target=\"_blank\">Privacy Policy.\n\t\t\t<spam class=\"obligatorio\">*\n\t\t\t<\/spam>\n\t\t\t<spam>\n\t\t\t<\/spam><\/a>\n\t<\/spam>\n<\/p>\n<p><input class=\"wpcf7-form-control wpcf7-submit has-spinner\" type=\"submit\" value=\"Send\" \/>\n<\/p><div class=\"wpcf7-response-output\" aria-hidden=\"true\"><\/div>\n<input type=\"hidden\" name=\"trp-form-language\" value=\"en\"\/><\/form>\n<\/div>\n\n<\/div><\/div><\/div><\/div><\/div><\/div><\/section>","protected":false},"excerpt":{"rendered":"","protected":false},"author":4,"featured_media":0,"parent":0,"menu_order":0,"comment_status":"closed","ping_status":"closed","template":"","meta":{"_acf_changed":false,"footnotes":""},"class_list":["post-4775","page","type-page","status-publish","hentry"],"acf":[],"yoast_head":"<!-- This site is optimized with the Yoast SEO plugin v27.6 - https:\/\/yoast.com\/product\/yoast-seo-wordpress\/ -->\n<title>\u00danete a Nosotros - Soltel Group<\/title>\n<meta name=\"description\" content=\"\u00danete al equipo de Soltel Group enviando tu curr\u00edculum en esta p\u00e1gina.\" \/>\n<meta name=\"robots\" content=\"index, follow, max-snippet:-1, max-image-preview:large, max-video-preview:-1\" \/>\n<link rel=\"canonical\" href=\"https:\/\/www.soltel.es\/en\/unete-a-nosotros\/\" \/>\n<meta property=\"og:locale\" content=\"en_GB\" \/>\n<meta property=\"og:type\" content=\"article\" \/>\n<meta property=\"og:title\" content=\"\u00danete a Nosotros - Soltel Group\" \/>\n<meta property=\"og:description\" content=\"\u00danete al equipo de Soltel Group enviando tu curr\u00edculum en esta p\u00e1gina.\" \/>\n<meta property=\"og:url\" content=\"https:\/\/www.soltel.es\/en\/unete-a-nosotros\/\" \/>\n<meta property=\"og:site_name\" content=\"Soltel Group\" \/>\n<meta property=\"article:publisher\" content=\"https:\/\/www.facebook.com\/pages\/Soltel-IT-Solutions\/158795267511286\" \/>\n<meta property=\"article:modified_time\" content=\"2026-05-11T08:52:51+00:00\" \/>\n<meta name=\"twitter:card\" content=\"summary_large_image\" \/>\n<meta name=\"twitter:site\" content=\"@soltel_it\" \/>\n<meta name=\"twitter:label1\" content=\"Estimated reading time\" \/>\n\t<meta name=\"twitter:data1\" content=\"1 minute\" \/>\n<script type=\"application\/ld+json\" class=\"yoast-schema-graph\">{\"@context\":\"https:\\\/\\\/schema.org\",\"@graph\":[{\"@type\":\"WebPage\",\"@id\":\"https:\\\/\\\/www.soltel.es\\\/unete-a-nosotros\\\/\",\"url\":\"https:\\\/\\\/www.soltel.es\\\/unete-a-nosotros\\\/\",\"name\":\"\u00danete a Nosotros - Soltel Group\",\"isPartOf\":{\"@id\":\"https:\\\/\\\/www.soltel.es\\\/#website\"},\"datePublished\":\"2022-08-03T07:27:24+00:00\",\"dateModified\":\"2026-05-11T08:52:51+00:00\",\"description\":\"\u00danete al equipo de Soltel Group enviando tu curr\u00edculum en esta p\u00e1gina.\",\"breadcrumb\":{\"@id\":\"https:\\\/\\\/www.soltel.es\\\/unete-a-nosotros\\\/#breadcrumb\"},\"inLanguage\":\"en-GB\",\"potentialAction\":[{\"@type\":\"ReadAction\",\"target\":[\"https:\\\/\\\/www.soltel.es\\\/unete-a-nosotros\\\/\"]}]},{\"@type\":\"BreadcrumbList\",\"@id\":\"https:\\\/\\\/www.soltel.es\\\/unete-a-nosotros\\\/#breadcrumb\",\"itemListElement\":[{\"@type\":\"ListItem\",\"position\":1,\"name\":\"Portada\",\"item\":\"https:\\\/\\\/www.soltel.es\\\/\"},{\"@type\":\"ListItem\",\"position\":2,\"name\":\"\u00danete a nosotros\"}]},{\"@type\":\"WebSite\",\"@id\":\"https:\\\/\\\/www.soltel.es\\\/#website\",\"url\":\"https:\\\/\\\/www.soltel.es\\\/\",\"name\":\"Soltel Group\",\"description\":\"Soltel IT Solutions, empresa especializada en servicios IT\",\"publisher\":{\"@id\":\"https:\\\/\\\/www.soltel.es\\\/#organization\"},\"potentialAction\":[{\"@type\":\"SearchAction\",\"target\":{\"@type\":\"EntryPoint\",\"urlTemplate\":\"https:\\\/\\\/www.soltel.es\\\/?s={search_term_string}\"},\"query-input\":{\"@type\":\"PropertyValueSpecification\",\"valueRequired\":true,\"valueName\":\"search_term_string\"}}],\"inLanguage\":\"en-GB\"},{\"@type\":\"Organization\",\"@id\":\"https:\\\/\\\/www.soltel.es\\\/#organization\",\"name\":\"Soltel Group\",\"url\":\"https:\\\/\\\/www.soltel.es\\\/\",\"logo\":{\"@type\":\"ImageObject\",\"inLanguage\":\"en-GB\",\"@id\":\"https:\\\/\\\/www.soltel.es\\\/#\\\/schema\\\/logo\\\/image\\\/\",\"url\":\"https:\\\/\\\/www.soltel.es\\\/wp-content\\\/uploads\\\/2023\\\/03\\\/logotipo-soltel.png\",\"contentUrl\":\"https:\\\/\\\/www.soltel.es\\\/wp-content\\\/uploads\\\/2023\\\/03\\\/logotipo-soltel.png\",\"width\":276,\"height\":212,\"caption\":\"Soltel Group\"},\"image\":{\"@id\":\"https:\\\/\\\/www.soltel.es\\\/#\\\/schema\\\/logo\\\/image\\\/\"},\"sameAs\":[\"https:\\\/\\\/www.facebook.com\\\/pages\\\/Soltel-IT-Solutions\\\/158795267511286\",\"https:\\\/\\\/x.com\\\/soltel_it\",\"https:\\\/\\\/www.youtube.com\\\/@soltel\",\"https:\\\/\\\/www.linkedin.com\\\/company\\\/soltel\",\"https:\\\/\\\/www.instagram.com\\\/soltelgroup\\\/\"]}]}<\/script>\n<!-- \/ Yoast SEO plugin. -->","yoast_head_json":{"title":"Join Us - Soltel Group","description":"Join the Soltel Group team by submitting your resume on this page.","robots":{"index":"index","follow":"follow","max-snippet":"max-snippet:-1","max-image-preview":"max-image-preview:large","max-video-preview":"max-video-preview:-1"},"canonical":"https:\/\/www.soltel.es\/en\/unete-a-nosotros\/","og_locale":"en_GB","og_type":"article","og_title":"\u00danete a Nosotros - Soltel Group","og_description":"\u00danete al equipo de Soltel Group enviando tu curr\u00edculum en esta p\u00e1gina.","og_url":"https:\/\/www.soltel.es\/en\/unete-a-nosotros\/","og_site_name":"Soltel Group","article_publisher":"https:\/\/www.facebook.com\/pages\/Soltel-IT-Solutions\/158795267511286","article_modified_time":"2026-05-11T08:52:51+00:00","twitter_card":"summary_large_image","twitter_site":"@soltel_it","twitter_misc":{"Estimated reading time":"1 minute"},"schema":{"@context":"https:\/\/schema.org","@graph":[{"@type":"WebPage","@id":"https:\/\/www.soltel.es\/unete-a-nosotros\/","url":"https:\/\/www.soltel.es\/unete-a-nosotros\/","name":"Join Us - Soltel Group","isPartOf":{"@id":"https:\/\/www.soltel.es\/#website"},"datePublished":"2022-08-03T07:27:24+00:00","dateModified":"2026-05-11T08:52:51+00:00","description":"Join the Soltel Group team by submitting your resume on this page.","breadcrumb":{"@id":"https:\/\/www.soltel.es\/unete-a-nosotros\/#breadcrumb"},"inLanguage":"en-GB","potentialAction":[{"@type":"ReadAction","target":["https:\/\/www.soltel.es\/unete-a-nosotros\/"]}]},{"@type":"BreadcrumbList","@id":"https:\/\/www.soltel.es\/unete-a-nosotros\/#breadcrumb","itemListElement":[{"@type":"ListItem","position":1,"name":"Portada","item":"https:\/\/www.soltel.es\/"},{"@type":"ListItem","position":2,"name":"\u00danete a nosotros"}]},{"@type":"WebSite","@id":"https:\/\/www.soltel.es\/#website","url":"https:\/\/www.soltel.es\/","name":"Soltel Group","description":"Soltel IT Solutions, a company specializing in IT services","publisher":{"@id":"https:\/\/www.soltel.es\/#organization"},"potentialAction":[{"@type":"SearchAction","target":{"@type":"EntryPoint","urlTemplate":"https:\/\/www.soltel.es\/?s={search_term_string}"},"query-input":{"@type":"PropertyValueSpecification","valueRequired":true,"valueName":"search_term_string"}}],"inLanguage":"en-GB"},{"@type":"Organization","@id":"https:\/\/www.soltel.es\/#organization","name":"Soltel Group","url":"https:\/\/www.soltel.es\/","logo":{"@type":"ImageObject","inLanguage":"en-GB","@id":"https:\/\/www.soltel.es\/#\/schema\/logo\/image\/","url":"https:\/\/www.soltel.es\/wp-content\/uploads\/2023\/03\/logotipo-soltel.png","contentUrl":"https:\/\/www.soltel.es\/wp-content\/uploads\/2023\/03\/logotipo-soltel.png","width":276,"height":212,"caption":"Soltel Group"},"image":{"@id":"https:\/\/www.soltel.es\/#\/schema\/logo\/image\/"},"sameAs":["https:\/\/www.facebook.com\/pages\/Soltel-IT-Solutions\/158795267511286","https:\/\/x.com\/soltel_it","https:\/\/www.youtube.com\/@soltel","https:\/\/www.linkedin.com\/company\/soltel","https:\/\/www.instagram.com\/soltelgroup\/"]}]}},"_links":{"self":[{"href":"https:\/\/www.soltel.es\/en\/wp-json\/wp\/v2\/pages\/4775","targetHints":{"allow":["GET"]}}],"collection":[{"href":"https:\/\/www.soltel.es\/en\/wp-json\/wp\/v2\/pages"}],"about":[{"href":"https:\/\/www.soltel.es\/en\/wp-json\/wp\/v2\/types\/page"}],"author":[{"embeddable":true,"href":"https:\/\/www.soltel.es\/en\/wp-json\/wp\/v2\/users\/4"}],"replies":[{"embeddable":true,"href":"https:\/\/www.soltel.es\/en\/wp-json\/wp\/v2\/comments?post=4775"}],"version-history":[{"count":23,"href":"https:\/\/www.soltel.es\/en\/wp-json\/wp\/v2\/pages\/4775\/revisions"}],"predecessor-version":[{"id":10974,"href":"https:\/\/www.soltel.es\/en\/wp-json\/wp\/v2\/pages\/4775\/revisions\/10974"}],"wp:attachment":[{"href":"https:\/\/www.soltel.es\/en\/wp-json\/wp\/v2\/media?parent=4775"}],"curies":[{"name":"wp","href":"https:\/\/api.w.org\/{rel}","templated":true}]}}