{"id":4766,"date":"2022-08-03T07:18:27","date_gmt":"2022-08-03T07:18:27","guid":{"rendered":"https:\/\/www.soltel.es\/?page_id=4766"},"modified":"2025-05-12T09:12:39","modified_gmt":"2025-05-12T09:12:39","slug":"informacion-basica-sobre-proteccion-de-datos","status":"publish","type":"page","link":"https:\/\/www.soltel.es\/en\/informacion-basica-sobre-proteccion-de-datos\/","title":{"rendered":"BASIC INFORMATION ON DATA PROTECTION"},"content":{"rendered":"<h2>BASIC INFORMATION ON DATA PROTECTION<\/h2>\n<p><strong>Data Controller:<\/strong> Soltel IT Solutions, S.L. (SOLTEL)<\/p>\n<p><strong>Purpose of treatment:<\/strong> We process your identification and professional details to include you in our database and assist you in your job search or other positions that match your profile. We will contact you by any means, including electronic means. Furthermore, we will keep your professional details on file to include you in future recruitment processes.<\/p>\n<p><strong>Legal basis for processing:<\/strong> Consent of the interested party.<\/p>\n<p><strong>Recipients<\/strong> SOLTEL may share your personal data, CV, and a brief summary of your profile with SOLTEL's companies and\/or clients that offer job openings that match your profile. Your CV data may also be shared with Public Administrations as required by law. The company uses external cloud hosting services with Google, which involves an international data transfer covered by the EU-US Privacy Shield agreement; information is available at [link to relevant documentation]. <a href=\"http:\/\/www.privacyshield.gov\">www.privacyshield.gov<\/a>\u00a0.<\/p>\n<p><strong>Rights:<\/strong> Right of access, rectification, erasure, objection, portability and restriction of processing. For more information, please refer to the additional information.<\/p>\n<p><strong>More information:<\/strong> You can find additional and detailed information about Data Protection at <a href=\"http:\/\/www.soltel.es\/en\/\">www.soltel.es<\/a> or by requesting it via email (privacy@soltel.es)<\/p>\n<p>&nbsp;<\/p>\n<h4><span style=\"text-decoration: underline;\"><strong>Additional Information on Data Protection<\/strong><\/span><\/h4>\n<h5><strong>Who is responsible for processing your data?<\/strong><\/h5>\n<p><em>Identity:<\/em> SOLTEL IT SOLUTIONS \u2013 CIF: B91219758<br \/>\n<em>Postal address<\/em>: Avda. Leonardo Da Vinci, 13, Fundosa Building, 4th Floor<br \/>\n<em>Phone:<\/em> 955.08.73.00<br \/>\n<em>email:<\/em> privacidad@soltel.es<\/p>\n<h5><strong>For what purpose do we process your personal data?<\/strong><\/h5>\n<p>We process your identification and professional data to include you in our database and assist you in your job search or other positions that match your profile. We will contact you by any means, including electronic means. Furthermore, our organization will retain your professional data to include you in future recruitment processes until you request its deletion for this purpose. No automated individual decisions will be made.<\/p>\n<p>Curriculum profiles will be developed based on the information you provide, to match your profile to the characteristics of the vacant positions.<\/p>\n<h5><strong>What is the legal basis for processing your data?<\/strong><\/h5>\n<p>If you send us your CV by email, we consider that you are giving us permission to process it, include you in our database, and assist you in your job search or other positions that match your profile. We will share your data, CV, and a brief summary of your profile with the company offering the job, based on your explicit consent. If you do not provide your data, it will be impossible to establish any business relationship between us.<\/p>\n<h5><strong>To whom will your data be communicated?<\/strong><\/h5>\n<p>SOLTEL may share your personal data, CV, and a brief summary of your profile with SOLTEL's companies and\/or clients that offer job openings that match your profile. Your CV data may also be shared with Public Administrations as required by law. The company uses external cloud hosting services with Google, which involves an international data transfer covered by the EU-US Privacy Shield agreement; information is available at [link to relevant documentation]. <a href=\"http:\/\/www.privacyshield.gov\">www.privacyshield.gov<\/a><\/p>\n<p>My data may be transferred to other companies in the SOLTEL Group to include my curriculum data in a database of candidates applying for vacant positions.<\/p>\n<p>Data communication will be carried out guaranteeing the security measures required by current legislation through management software tools and technical and organizational measures that guarantee data processing in accordance with the requirements of current legislation on the Protection of Personal Data.<\/p>\n<h5><strong>What are your rights when you provide us with your data?<\/strong><\/h5>\n<p>Interested parties have the right to obtain confirmation as to whether or not we are processing personal data concerning them.<\/p>\n<p>Interested parties have the right to <span style=\"text-decoration: underline;\">access<\/span> to their personal data, as well as to request the <span style=\"text-decoration: underline;\">rectification<\/span> of inaccurate data or, where appropriate, request their <span style=\"text-decoration: underline;\">suppression<\/span> when, among other reasons, the data is no longer needed for the purposes for which it was collected.<\/p>\n<p>Interested parties have the right to <span style=\"text-decoration: underline;\">revoke<\/span> or remove the <span style=\"text-decoration: underline;\">consent<\/span> granted for the processing of your data for specific purposes at any time.<\/p>\n<p>In certain circumstances and for reasons related to their particular situation, interested parties may <span style=\"text-decoration: underline;\">object<\/span> to the processing of your data or part of it, in which case we will stop processing the data, except for compliance with a legal obligation.<\/p>\n<p>In certain circumstances, interested parties may request the limitation of the processing of their data, in which case we will only keep them for the exercise or defense of claims and for compliance with a legal obligation.<\/p>\n<p>In certain circumstances (when the processing is carried out by automated means and is based on the consent of the interested parties), interested parties may request the portability of their data so that it is transmitted to another controller.<\/p>\n<p>Interested parties may exercise their rights by sending a written request to the Data Controller at privacidad@soltel.es, and may obtain templates for this purpose at www.agpd.es. Interested parties may also file a complaint with the Spanish Data Protection Agency if they have not obtained satisfaction in the exercise of their rights.<a href=\"http:\/\/www.agpd.es\">www.agpd.es<\/a>). Likewise, interested parties can obtain additional information about their rights by contacting the Spanish Data Protection Agency (<a href=\"http:\/\/www.agpd.es\">www.agpd.es<\/a>).<\/p>","protected":false},"excerpt":{"rendered":"<p>BASIC INFORMATION ON DATA PROTECTION Data Controller: Soltel IT Solutions, S.L. (SOLTEL) Purpose of processing: We process your identification and curriculum data to include you in our database and to assist you in your job search or other positions that match your profile. We will contact you regarding any\u2026<\/p>","protected":false},"author":4,"featured_media":0,"parent":0,"menu_order":0,"comment_status":"closed","ping_status":"closed","template":"","meta":{"_acf_changed":false,"footnotes":""},"class_list":["post-4766","page","type-page","status-publish","hentry"],"acf":[],"yoast_head":"<!-- This site is optimized with the Yoast SEO plugin v27.6 - https:\/\/yoast.com\/product\/yoast-seo-wordpress\/ -->\n<title>INFORMACI\u00d3N B\u00c1SICA SOBRE PROTECCI\u00d3N DE DATOS - Soltel Group<\/title>\n<meta name=\"robots\" content=\"index, follow, max-snippet:-1, max-image-preview:large, max-video-preview:-1\" \/>\n<link rel=\"canonical\" href=\"https:\/\/www.soltel.es\/en\/informacion-basica-sobre-proteccion-de-datos\/\" \/>\n<meta property=\"og:locale\" content=\"en_GB\" \/>\n<meta property=\"og:type\" content=\"article\" \/>\n<meta property=\"og:title\" content=\"INFORMACI\u00d3N B\u00c1SICA SOBRE PROTECCI\u00d3N DE DATOS - Soltel Group\" \/>\n<meta property=\"og:description\" content=\"INFORMACI\u00d3N B\u00c1SICA SOBRE PROTECCI\u00d3N DE DATOS Responsable del Tratamiento: Soltel IT Solutions, S.L. (SOLTEL) Finalidad del tratamiento: Tratamos sus datos identificativos y curriculares para incluirle en nuestra base de datos y poder ayudarle en la b\u00fasqueda de empleo u otros puestos que se ajusten a su perfil. Nos pondremos en contacto con usted por cualquier...\" \/>\n<meta property=\"og:url\" content=\"https:\/\/www.soltel.es\/en\/informacion-basica-sobre-proteccion-de-datos\/\" \/>\n<meta property=\"og:site_name\" content=\"Soltel Group\" \/>\n<meta property=\"article:publisher\" content=\"https:\/\/www.facebook.com\/pages\/Soltel-IT-Solutions\/158795267511286\" \/>\n<meta property=\"article:modified_time\" content=\"2025-05-12T09:12:39+00:00\" \/>\n<meta name=\"twitter:card\" content=\"summary_large_image\" \/>\n<meta name=\"twitter:site\" content=\"@soltel_it\" \/>\n<meta name=\"twitter:label1\" content=\"Estimated reading time\" \/>\n\t<meta name=\"twitter:data1\" content=\"5 minutes\" \/>\n<script type=\"application\/ld+json\" class=\"yoast-schema-graph\">{\"@context\":\"https:\\\/\\\/schema.org\",\"@graph\":[{\"@type\":\"WebPage\",\"@id\":\"https:\\\/\\\/www.soltel.es\\\/informacion-basica-sobre-proteccion-de-datos\\\/\",\"url\":\"https:\\\/\\\/www.soltel.es\\\/informacion-basica-sobre-proteccion-de-datos\\\/\",\"name\":\"INFORMACI\u00d3N B\u00c1SICA SOBRE PROTECCI\u00d3N DE DATOS - Soltel Group\",\"isPartOf\":{\"@id\":\"https:\\\/\\\/www.soltel.es\\\/#website\"},\"datePublished\":\"2022-08-03T07:18:27+00:00\",\"dateModified\":\"2025-05-12T09:12:39+00:00\",\"breadcrumb\":{\"@id\":\"https:\\\/\\\/www.soltel.es\\\/informacion-basica-sobre-proteccion-de-datos\\\/#breadcrumb\"},\"inLanguage\":\"en-GB\",\"potentialAction\":[{\"@type\":\"ReadAction\",\"target\":[\"https:\\\/\\\/www.soltel.es\\\/informacion-basica-sobre-proteccion-de-datos\\\/\"]}]},{\"@type\":\"BreadcrumbList\",\"@id\":\"https:\\\/\\\/www.soltel.es\\\/informacion-basica-sobre-proteccion-de-datos\\\/#breadcrumb\",\"itemListElement\":[{\"@type\":\"ListItem\",\"position\":1,\"name\":\"Portada\",\"item\":\"https:\\\/\\\/www.soltel.es\\\/\"},{\"@type\":\"ListItem\",\"position\":2,\"name\":\"INFORMACI\u00d3N B\u00c1SICA SOBRE PROTECCI\u00d3N DE DATOS\"}]},{\"@type\":\"WebSite\",\"@id\":\"https:\\\/\\\/www.soltel.es\\\/#website\",\"url\":\"https:\\\/\\\/www.soltel.es\\\/\",\"name\":\"Soltel Group\",\"description\":\"Soltel IT Solutions, empresa especializada en servicios IT\",\"publisher\":{\"@id\":\"https:\\\/\\\/www.soltel.es\\\/#organization\"},\"potentialAction\":[{\"@type\":\"SearchAction\",\"target\":{\"@type\":\"EntryPoint\",\"urlTemplate\":\"https:\\\/\\\/www.soltel.es\\\/?s={search_term_string}\"},\"query-input\":{\"@type\":\"PropertyValueSpecification\",\"valueRequired\":true,\"valueName\":\"search_term_string\"}}],\"inLanguage\":\"en-GB\"},{\"@type\":\"Organization\",\"@id\":\"https:\\\/\\\/www.soltel.es\\\/#organization\",\"name\":\"Soltel Group\",\"url\":\"https:\\\/\\\/www.soltel.es\\\/\",\"logo\":{\"@type\":\"ImageObject\",\"inLanguage\":\"en-GB\",\"@id\":\"https:\\\/\\\/www.soltel.es\\\/#\\\/schema\\\/logo\\\/image\\\/\",\"url\":\"https:\\\/\\\/www.soltel.es\\\/wp-content\\\/uploads\\\/2023\\\/03\\\/logotipo-soltel.png\",\"contentUrl\":\"https:\\\/\\\/www.soltel.es\\\/wp-content\\\/uploads\\\/2023\\\/03\\\/logotipo-soltel.png\",\"width\":276,\"height\":212,\"caption\":\"Soltel Group\"},\"image\":{\"@id\":\"https:\\\/\\\/www.soltel.es\\\/#\\\/schema\\\/logo\\\/image\\\/\"},\"sameAs\":[\"https:\\\/\\\/www.facebook.com\\\/pages\\\/Soltel-IT-Solutions\\\/158795267511286\",\"https:\\\/\\\/x.com\\\/soltel_it\",\"https:\\\/\\\/www.youtube.com\\\/@soltel\",\"https:\\\/\\\/www.linkedin.com\\\/company\\\/soltel\",\"https:\\\/\\\/www.instagram.com\\\/soltelgroup\\\/\"]}]}<\/script>\n<!-- \/ Yoast SEO plugin. -->","yoast_head_json":{"title":"BASIC INFORMATION ON DATA PROTECTION - Soltel Group","robots":{"index":"index","follow":"follow","max-snippet":"max-snippet:-1","max-image-preview":"max-image-preview:large","max-video-preview":"max-video-preview:-1"},"canonical":"https:\/\/www.soltel.es\/en\/informacion-basica-sobre-proteccion-de-datos\/","og_locale":"en_GB","og_type":"article","og_title":"INFORMACI\u00d3N B\u00c1SICA SOBRE PROTECCI\u00d3N DE DATOS - Soltel Group","og_description":"INFORMACI\u00d3N B\u00c1SICA SOBRE PROTECCI\u00d3N DE DATOS Responsable del Tratamiento: Soltel IT Solutions, S.L. (SOLTEL) Finalidad del tratamiento: Tratamos sus datos identificativos y curriculares para incluirle en nuestra base de datos y poder ayudarle en la b\u00fasqueda de empleo u otros puestos que se ajusten a su perfil. Nos pondremos en contacto con usted por cualquier...","og_url":"https:\/\/www.soltel.es\/en\/informacion-basica-sobre-proteccion-de-datos\/","og_site_name":"Soltel Group","article_publisher":"https:\/\/www.facebook.com\/pages\/Soltel-IT-Solutions\/158795267511286","article_modified_time":"2025-05-12T09:12:39+00:00","twitter_card":"summary_large_image","twitter_site":"@soltel_it","twitter_misc":{"Estimated reading time":"5 minutes"},"schema":{"@context":"https:\/\/schema.org","@graph":[{"@type":"WebPage","@id":"https:\/\/www.soltel.es\/informacion-basica-sobre-proteccion-de-datos\/","url":"https:\/\/www.soltel.es\/informacion-basica-sobre-proteccion-de-datos\/","name":"BASIC INFORMATION ON DATA PROTECTION - Soltel Group","isPartOf":{"@id":"https:\/\/www.soltel.es\/#website"},"datePublished":"2022-08-03T07:18:27+00:00","dateModified":"2025-05-12T09:12:39+00:00","breadcrumb":{"@id":"https:\/\/www.soltel.es\/informacion-basica-sobre-proteccion-de-datos\/#breadcrumb"},"inLanguage":"en-GB","potentialAction":[{"@type":"ReadAction","target":["https:\/\/www.soltel.es\/informacion-basica-sobre-proteccion-de-datos\/"]}]},{"@type":"BreadcrumbList","@id":"https:\/\/www.soltel.es\/informacion-basica-sobre-proteccion-de-datos\/#breadcrumb","itemListElement":[{"@type":"ListItem","position":1,"name":"Portada","item":"https:\/\/www.soltel.es\/"},{"@type":"ListItem","position":2,"name":"INFORMACI\u00d3N B\u00c1SICA SOBRE PROTECCI\u00d3N DE DATOS"}]},{"@type":"WebSite","@id":"https:\/\/www.soltel.es\/#website","url":"https:\/\/www.soltel.es\/","name":"Soltel Group","description":"Soltel IT Solutions, a company specializing in IT services","publisher":{"@id":"https:\/\/www.soltel.es\/#organization"},"potentialAction":[{"@type":"SearchAction","target":{"@type":"EntryPoint","urlTemplate":"https:\/\/www.soltel.es\/?s={search_term_string}"},"query-input":{"@type":"PropertyValueSpecification","valueRequired":true,"valueName":"search_term_string"}}],"inLanguage":"en-GB"},{"@type":"Organization","@id":"https:\/\/www.soltel.es\/#organization","name":"Soltel Group","url":"https:\/\/www.soltel.es\/","logo":{"@type":"ImageObject","inLanguage":"en-GB","@id":"https:\/\/www.soltel.es\/#\/schema\/logo\/image\/","url":"https:\/\/www.soltel.es\/wp-content\/uploads\/2023\/03\/logotipo-soltel.png","contentUrl":"https:\/\/www.soltel.es\/wp-content\/uploads\/2023\/03\/logotipo-soltel.png","width":276,"height":212,"caption":"Soltel Group"},"image":{"@id":"https:\/\/www.soltel.es\/#\/schema\/logo\/image\/"},"sameAs":["https:\/\/www.facebook.com\/pages\/Soltel-IT-Solutions\/158795267511286","https:\/\/x.com\/soltel_it","https:\/\/www.youtube.com\/@soltel","https:\/\/www.linkedin.com\/company\/soltel","https:\/\/www.instagram.com\/soltelgroup\/"]}]}},"_links":{"self":[{"href":"https:\/\/www.soltel.es\/en\/wp-json\/wp\/v2\/pages\/4766","targetHints":{"allow":["GET"]}}],"collection":[{"href":"https:\/\/www.soltel.es\/en\/wp-json\/wp\/v2\/pages"}],"about":[{"href":"https:\/\/www.soltel.es\/en\/wp-json\/wp\/v2\/types\/page"}],"author":[{"embeddable":true,"href":"https:\/\/www.soltel.es\/en\/wp-json\/wp\/v2\/users\/4"}],"replies":[{"embeddable":true,"href":"https:\/\/www.soltel.es\/en\/wp-json\/wp\/v2\/comments?post=4766"}],"version-history":[{"count":11,"href":"https:\/\/www.soltel.es\/en\/wp-json\/wp\/v2\/pages\/4766\/revisions"}],"predecessor-version":[{"id":8281,"href":"https:\/\/www.soltel.es\/en\/wp-json\/wp\/v2\/pages\/4766\/revisions\/8281"}],"wp:attachment":[{"href":"https:\/\/www.soltel.es\/en\/wp-json\/wp\/v2\/media?parent=4766"}],"curies":[{"name":"wp","href":"https:\/\/api.w.org\/{rel}","templated":true}]}}